{"id":1001,"date":"2017-10-19T00:04:36","date_gmt":"2017-10-18T22:04:36","guid":{"rendered":"http:\/\/veles.si\/?page_id=1001"},"modified":"2017-10-19T00:04:36","modified_gmt":"2017-10-18T22:04:36","slug":"ziva-in-izlet-na-bled","status":"publish","type":"page","link":"http:\/\/veles.si\/?page_id=1001","title":{"rendered":"\u017diva in izlet na Bled"},"content":{"rendered":"<p>Na Blejskem otoku stoji mala cerkev Sv. Marije. Poleg starej\u0161e cerkve so na\u0161li temelje \u0161e starej\u0161e zgradbe za katero domnevajo, da je bilo neko\u010d staroversko sveti\u0161\u010de. Pri nas \u017diva velja za boginjo \u017eivljenja, vode, rodovitnosti, boginjo \u017eetve, na\u0161 pesnik France Pre\u0161eren pa je na otok, v svoji pesnitvi Krst pri Savici, postavil \u017divin hram.<br \/>\nV dana\u0161nji Nem\u010diji v Ratzenburgu oz. nekdaj Ratiboru, je stalo njeno sveti\u0161\u010de na oto\u010dku sredi jezera. Posve\u010den ji je bil izvir Aqua Siwa &#8211; \u017diva Voda. Danes tam stojijo toplice. Kjer pa je neko\u010d stal sam tempelj, stoji cerkev Sv. Marije. Gre torej za enako sliko kot pri nas na Bledu.<br \/>\nTi kraji severovzhodne Nem\u010dije med Dansko in Poljsko so bili do 13. leta slovanska zemlja, nato pa so se med avtohtono prebivalstvo na\u010drtno pome\u0161ala germanska ljudstva, da bi prevzela tako kulturno kot gensko prevlado.<\/p>\n<p>Blejski otok je del slavnega Blejskega trikotnika. Tovrstne trikotnike najdemo v naravi povsod po Sloveniji in drugem slovanskem svetu, kjer se povezujejo tri to\u010dke: ena stoji na hribu, ki je to\u010dka \u010da\u0161\u010denja vrhovnega boga, druga to\u010dka se je vedno nahajala nekje ob vodi-element zemlje, tretja to\u010dka pa se nahaja blizu jame ali v njej oz. na pokopali\u0161\u010du, kar pa zaznamuje podzemlje. Na\u0161i predniki so na slovenskih tleh \u010dastili Reitijo, boginjo vode, boginjo rodovitnosti, \u017eivljenja, zdravilko &#8230;njen ekvi-valent je predstavljala tudi Noreja v Noriku in Histria v Istri, lahko torej sklepamo, da se je enaka energija kasneje manifestirala v \u017divi. \u017diva je sicer glavna boginja polabskih Slovanov, poznana tudi na Poljskem in \u010ce\u0161kem, pri nas konkretnih poro\u010dil o njej ni, bi bilo pa povsem mo\u017eno, da so jo na\u0161i ljudje poznali, morda \u017ee od prej ali pa kasneje s povezavami preko Samovega kraljestva, ki je vklju\u010devalo tudi Polabce.<\/p>\n<p>\u017divin simbol je, poleg klasja \u017eita, tudi jabolko. Poznamo obredja na vzhodu dr\u017eave, ko vodi darujejo jabolko, ki je simbol plodnosti, rodovitnosti, zdravja. \u017diva je boginja \u017eivljenja in velja za za\u0161\u010ditnico otrok. Predstave o njej in otrocih se zlahka manifestirajo tudi v liku Device z malim Jezusom.<br \/>\nNa\u0161e starodavne mitolo\u0161ke teme in boj za obstanek stare vere je navdihnil tudi na\u0161ega pesnika Pre\u0161erna, da je napisal Krst pri Savici, kjer se \u010crtomir bori za svojo vero, a je na koncu premagan. Njegovo domovanje je postavljeno v Ajdovski Gradec, kjer sicer ni sledu o gradu, dejansko pa gre za staroselsko naselbino s fizi\u010dnimi ostanki \u017eelezarstva. Tam so ljudje neprekinjeno \u017eiveli 1000 let do 7. stol. n.\u0161t. in gre za isto skupino avtohtonega prebivalstva kot tisto na Mostu na So\u010di.<\/p>\n<p>Vabimo vas, da obi\u0161\u010dete Bled in oto\u010dek ter posku\u0161ate za\u010dutiti ta kraj malce druga\u010de vedo\u010d vse gornje informacije. \u017diva \u0161e vedno prebiva tam, le vse preve\u010d hodimo mimo nje.<br \/>\n\u010ce vas vle\u010de v pohodni\u0161tvo, se lahko odpravite na Dobro Goro, ki tvori zgoraj omenjeni Blejski trikotnik skupaj z Otokom in Gradi\u0161ko. Dobra Gora se nahaja ju\u017eno od Blejskega jezera in se vzpenja \u0161e 150m nad vasjo Selo.<br \/>\nMitolo\u0161ko izro\u010dilo pa pravi, da so na tej gori na\u0161i predniki \u010dastili boga Peruna. Ko se boste okrep\u010dali s kosilom\/malico, pa naj vas pot popelje \u0161e v Bohinj na sprehod ob jezeru, nato pa se lahko vzpnete \u0161e na Ajdovski Gradec in si ogledate ostanke starodavnega \u017eelezarstva.<\/p>\n<p><a href=\"http:\/\/veles.si\/wp-content\/uploads\/\u017diva-illustration-in-front-of-Bled-lake.jpg\"><img decoding=\"async\" loading=\"lazy\" class=\"alignnone size-large wp-image-1002\" alt=\"\u017diva illustration in front of Bled lake\" src=\"http:\/\/veles.si\/wp-content\/uploads\/\u017diva-illustration-in-front-of-Bled-lake-744x1024.jpg\" width=\"600\" height=\"825\" srcset=\"http:\/\/veles.si\/wp-content\/uploads\/\u017diva-illustration-in-front-of-Bled-lake-744x1024.jpg 744w, http:\/\/veles.si\/wp-content\/uploads\/\u017diva-illustration-in-front-of-Bled-lake-218x300.jpg 218w, http:\/\/veles.si\/wp-content\/uploads\/\u017diva-illustration-in-front-of-Bled-lake-600x825.jpg 600w\" sizes=\"(max-width: 600px) 100vw, 600px\" \/><\/a><\/p>\n<p><a href=\"http:\/\/veles.si\/wp-content\/uploads\/198405_369130559813504_592630912_n.jpg\"><img decoding=\"async\" loading=\"lazy\" class=\"alignnone size-full wp-image-1003\" alt=\"198405_369130559813504_592630912_n\" src=\"http:\/\/veles.si\/wp-content\/uploads\/198405_369130559813504_592630912_n.jpg\" width=\"800\" height=\"531\" srcset=\"http:\/\/veles.si\/wp-content\/uploads\/198405_369130559813504_592630912_n.jpg 800w, http:\/\/veles.si\/wp-content\/uploads\/198405_369130559813504_592630912_n-300x199.jpg 300w, http:\/\/veles.si\/wp-content\/uploads\/198405_369130559813504_592630912_n-600x398.jpg 600w\" sizes=\"(max-width: 800px) 100vw, 800px\" \/><\/a><\/p>\n<p><a href=\"http:\/\/veles.si\/wp-content\/uploads\/545570_369130516480175_1729394880_n.jpg\"><img decoding=\"async\" loading=\"lazy\" class=\"alignnone size-large wp-image-1004\" alt=\"545570_369130516480175_1729394880_n\" src=\"http:\/\/veles.si\/wp-content\/uploads\/545570_369130516480175_1729394880_n.jpg\" width=\"600\" height=\"398\" srcset=\"http:\/\/veles.si\/wp-content\/uploads\/545570_369130516480175_1729394880_n.jpg 800w, http:\/\/veles.si\/wp-content\/uploads\/545570_369130516480175_1729394880_n-300x199.jpg 300w, http:\/\/veles.si\/wp-content\/uploads\/545570_369130516480175_1729394880_n-600x398.jpg 600w\" sizes=\"(max-width: 600px) 100vw, 600px\" \/><\/a><\/p>\n<p><a href=\"http:\/\/veles.si\/wp-content\/uploads\/562100_369129389813621_752278112_n.jpg\"><img decoding=\"async\" loading=\"lazy\" class=\"alignnone size-large wp-image-1005\" alt=\"562100_369129389813621_752278112_n\" src=\"http:\/\/veles.si\/wp-content\/uploads\/562100_369129389813621_752278112_n.jpg\" width=\"600\" height=\"398\" srcset=\"http:\/\/veles.si\/wp-content\/uploads\/562100_369129389813621_752278112_n.jpg 800w, http:\/\/veles.si\/wp-content\/uploads\/562100_369129389813621_752278112_n-300x199.jpg 300w, http:\/\/veles.si\/wp-content\/uploads\/562100_369129389813621_752278112_n-600x398.jpg 600w\" sizes=\"(max-width: 600px) 100vw, 600px\" \/><\/a>foto: Irena Urankar<\/p>\n<p>&nbsp;<\/p>\n","protected":false},"excerpt":{"rendered":"<p>Na Blejskem otoku stoji mala cerkev Sv. Marije. Poleg starej\u0161e cerkve so na\u0161li temelje \u0161e starej\u0161e zgradbe za katero domnevajo, da je bilo neko\u010d staroversko sveti\u0161\u010de. Pri nas \u017diva velja za boginjo \u017eivljenja, vode, rodovitnosti, boginjo \u017eetve, na\u0161 pesnik France Pre\u0161eren pa je na otok, v svoji pesnitvi Krst pri Savici, postavil \u017divin hram. V [&hellip;]<\/p>\n","protected":false},"author":1,"featured_media":0,"parent":0,"menu_order":0,"comment_status":"closed","ping_status":"closed","template":"","meta":[],"_links":{"self":[{"href":"http:\/\/veles.si\/index.php?rest_route=\/wp\/v2\/pages\/1001"}],"collection":[{"href":"http:\/\/veles.si\/index.php?rest_route=\/wp\/v2\/pages"}],"about":[{"href":"http:\/\/veles.si\/index.php?rest_route=\/wp\/v2\/types\/page"}],"author":[{"embeddable":true,"href":"http:\/\/veles.si\/index.php?rest_route=\/wp\/v2\/users\/1"}],"replies":[{"embeddable":true,"href":"http:\/\/veles.si\/index.php?rest_route=%2Fwp%2Fv2%2Fcomments&post=1001"}],"version-history":[{"count":1,"href":"http:\/\/veles.si\/index.php?rest_route=\/wp\/v2\/pages\/1001\/revisions"}],"predecessor-version":[{"id":1006,"href":"http:\/\/veles.si\/index.php?rest_route=\/wp\/v2\/pages\/1001\/revisions\/1006"}],"wp:attachment":[{"href":"http:\/\/veles.si\/index.php?rest_route=%2Fwp%2Fv2%2Fmedia&parent=1001"}],"curies":[{"name":"wp","href":"https:\/\/api.w.org\/{rel}","templated":true}]}}