{"id":1029,"date":"2017-10-19T00:24:04","date_gmt":"2017-10-18T22:24:04","guid":{"rendered":"http:\/\/veles.si\/?page_id=1029"},"modified":"2017-10-19T00:24:04","modified_gmt":"2017-10-18T22:24:04","slug":"povodni-moz","status":"publish","type":"page","link":"http:\/\/veles.si\/?page_id=1029","title":{"rendered":"Povodni mo\u017e"},"content":{"rendered":"<p>Vodan se je pri Slovencih ohranil v ljudskem izro\u010dilu kot ni\u017eje bitje, duh narave, ki kraljuje rekam in drugim vodam. Obstaja ne\u0161teto bajk in pravljic o njem in \u017eivi \u0161e danes med nami kot \u00bbpovodni mo\u017e\u00ab.\u00a0 Vsaka reka ali jezero ima svojega. V Prekmurju je poznan Gestrin, ki je zelo hud in so mu ribi\u010di darovali preden so \u0161li lovit. Ljubljanica ga ima, Krka in Cerkni\u0161ko jezero imata svojega, Savinja spet svojega in to celo tak\u0161nega, ki ga vile ubogajo &#8211; karkoli jim veli.<\/p>\n<p><a href=\"http:\/\/veles.si\/wp-content\/uploads\/Vodan.jpg\"><img decoding=\"async\" loading=\"lazy\" class=\"alignnone size-large wp-image-1030\" alt=\"Vodan\" src=\"http:\/\/veles.si\/wp-content\/uploads\/Vodan-669x1024.jpg\" width=\"600\" height=\"918\" srcset=\"http:\/\/veles.si\/wp-content\/uploads\/Vodan-669x1024.jpg 669w, http:\/\/veles.si\/wp-content\/uploads\/Vodan-196x300.jpg 196w, http:\/\/veles.si\/wp-content\/uploads\/Vodan-600x917.jpg 600w\" sizes=\"(max-width: 600px) 100vw, 600px\" \/><\/a><\/p>\n<p>&nbsp;<\/p>\n","protected":false},"excerpt":{"rendered":"<p>Vodan se je pri Slovencih ohranil v ljudskem izro\u010dilu kot ni\u017eje bitje, duh narave, ki kraljuje rekam in drugim vodam. Obstaja ne\u0161teto bajk in pravljic o njem in \u017eivi \u0161e danes med nami kot \u00bbpovodni mo\u017e\u00ab.\u00a0 Vsaka reka ali jezero ima svojega. V Prekmurju je poznan Gestrin, ki je zelo hud in so mu ribi\u010di [&hellip;]<\/p>\n","protected":false},"author":1,"featured_media":0,"parent":0,"menu_order":0,"comment_status":"closed","ping_status":"closed","template":"","meta":[],"_links":{"self":[{"href":"http:\/\/veles.si\/index.php?rest_route=\/wp\/v2\/pages\/1029"}],"collection":[{"href":"http:\/\/veles.si\/index.php?rest_route=\/wp\/v2\/pages"}],"about":[{"href":"http:\/\/veles.si\/index.php?rest_route=\/wp\/v2\/types\/page"}],"author":[{"embeddable":true,"href":"http:\/\/veles.si\/index.php?rest_route=\/wp\/v2\/users\/1"}],"replies":[{"embeddable":true,"href":"http:\/\/veles.si\/index.php?rest_route=%2Fwp%2Fv2%2Fcomments&post=1029"}],"version-history":[{"count":1,"href":"http:\/\/veles.si\/index.php?rest_route=\/wp\/v2\/pages\/1029\/revisions"}],"predecessor-version":[{"id":1031,"href":"http:\/\/veles.si\/index.php?rest_route=\/wp\/v2\/pages\/1029\/revisions\/1031"}],"wp:attachment":[{"href":"http:\/\/veles.si\/index.php?rest_route=%2Fwp%2Fv2%2Fmedia&parent=1029"}],"curies":[{"name":"wp","href":"https:\/\/api.w.org\/{rel}","templated":true}]}}