{"id":1049,"date":"2017-10-19T00:29:26","date_gmt":"2017-10-18T22:29:26","guid":{"rendered":"http:\/\/veles.si\/?page_id=1049"},"modified":"2017-10-19T00:29:26","modified_gmt":"2017-10-18T22:29:26","slug":"rojenica","status":"publish","type":"page","link":"http:\/\/veles.si\/?page_id=1049","title":{"rendered":"Rojenica"},"content":{"rendered":"<p>Rojenice, Sojenice:\u00a0 To so \u017eenska vilinska bitja, ki obi\u0161\u010dejo novorojen\u010dka in napovedo njihovo usodo. Ena opi\u0161e otrokovo mladost, druga zakonsko \u017eivljenje in tretja starost.\u00a0 V\u010dasih je tako, da prva govori o otrokovih sre\u010dnih dneh, druga o njegovi nesre\u010di, tretja pa napove smrt otroka. V vseh primerih pa je tretja oble\u010dena v belo, najve\u010dkrat je bila bela \u017eena namre\u010d poznana kot smrt.<\/p>\n<p><a href=\"http:\/\/veles.si\/wp-content\/uploads\/sojenica-judging-fairy.jpg\"><img decoding=\"async\" loading=\"lazy\" class=\"alignnone size-large wp-image-1051\" alt=\"sojenica judging fairy\" src=\"http:\/\/veles.si\/wp-content\/uploads\/sojenica-judging-fairy-1024x927.jpg\" width=\"600\" height=\"543\" srcset=\"http:\/\/veles.si\/wp-content\/uploads\/sojenica-judging-fairy-1024x927.jpg 1024w, http:\/\/veles.si\/wp-content\/uploads\/sojenica-judging-fairy-300x271.jpg 300w, http:\/\/veles.si\/wp-content\/uploads\/sojenica-judging-fairy-600x543.jpg 600w\" sizes=\"(max-width: 600px) 100vw, 600px\" \/><\/a><\/p>\n","protected":false},"excerpt":{"rendered":"<p>Rojenice, Sojenice:\u00a0 To so \u017eenska vilinska bitja, ki obi\u0161\u010dejo novorojen\u010dka in napovedo njihovo usodo. Ena opi\u0161e otrokovo mladost, druga zakonsko \u017eivljenje in tretja starost.\u00a0 V\u010dasih je tako, da prva govori o otrokovih sre\u010dnih dneh, druga o njegovi nesre\u010di, tretja pa napove smrt otroka. V vseh primerih pa je tretja oble\u010dena v belo, najve\u010dkrat je bila [&hellip;]<\/p>\n","protected":false},"author":1,"featured_media":0,"parent":0,"menu_order":0,"comment_status":"closed","ping_status":"closed","template":"","meta":[],"_links":{"self":[{"href":"http:\/\/veles.si\/index.php?rest_route=\/wp\/v2\/pages\/1049"}],"collection":[{"href":"http:\/\/veles.si\/index.php?rest_route=\/wp\/v2\/pages"}],"about":[{"href":"http:\/\/veles.si\/index.php?rest_route=\/wp\/v2\/types\/page"}],"author":[{"embeddable":true,"href":"http:\/\/veles.si\/index.php?rest_route=\/wp\/v2\/users\/1"}],"replies":[{"embeddable":true,"href":"http:\/\/veles.si\/index.php?rest_route=%2Fwp%2Fv2%2Fcomments&post=1049"}],"version-history":[{"count":1,"href":"http:\/\/veles.si\/index.php?rest_route=\/wp\/v2\/pages\/1049\/revisions"}],"predecessor-version":[{"id":1052,"href":"http:\/\/veles.si\/index.php?rest_route=\/wp\/v2\/pages\/1049\/revisions\/1052"}],"wp:attachment":[{"href":"http:\/\/veles.si\/index.php?rest_route=%2Fwp%2Fv2%2Fmedia&parent=1049"}],"curies":[{"name":"wp","href":"https:\/\/api.w.org\/{rel}","templated":true}]}}