{"id":1560,"date":"2021-06-30T13:36:58","date_gmt":"2021-06-30T11:36:58","guid":{"rendered":"http:\/\/veles.si\/?page_id=1560"},"modified":"2021-06-30T13:51:14","modified_gmt":"2021-06-30T11:51:14","slug":"iskanje-moza-roznik","status":"publish","type":"page","link":"http:\/\/veles.si\/?page_id=1560","title":{"rendered":"Iskanje mo\u017ea \/ Ro\u017enik"},"content":{"rendered":"<p>Mesec ro\u017enik je \u010das, ko se za\u010dne poletje, ko praznujemo najve\u010dji praznik v cikli\u010dnem letu. Boga in boginjo sre\u010damo v zrelih letih na vrhuncu njunih mo\u010di, ob poletnem kresu pa praznujemo njuno poroko ter ljubezen po\u010dastimo in utrdimo s skakanjem preko ognja.<\/p>\n<p>Preverite na\u0161o spletno stran, in \u010de vam tako veli srce, se nam kdaj pridru\u017eite ob tej prilo\u017enosti. Veseli bomo va\u0161e dru\u017ebe na Velesovem posestvu pod Limbarsko Goro.<\/p>\n<p>\u010ce nadaljujemo pot \u010dlove\u0161kega cikla, pa prehodu v \u017eensko sledi iskanje mo\u017ea, da se zdru\u017eita dve du\u0161i tako, kot so nam pokazali bogovi. Stara izro\u010dila so polna vede\u017eevanj in tudi na tem podro\u010dju nam je poznanih nekaj starih \u0161eg, ki pa jih velja obnoviti.<\/p>\n<p>Za Mislinjsko dolino je znano, da so dekleta prva ob \u010dasu poletnega solsticija hodila tresti bezeg in ob tem govorile: \u00bbBezeg bezeg, bzovc, daj mi mo\u017ea, naj bo ledig al pa vdovc\u00ab. V\u010dasih se je zgodilo, da so ga res dobile \u017ee isti ve\u010der, saj je ravno kresni ve\u010der veljal za \u010das, ko so se mladi dru\u017eili brez varstva, in ko je bilo dovoljeno marsikaj in se vse druge dni v letu o tem ni govorilo.<br \/>\nEnak obi\u010daj poznamo na Koro\u0161kem, od koder so celo pravljice, ki vklju\u010dujejo bezeg. \u010ce je dekle potreslo bezeg trikrat s pripro\u0161njo za mo\u017ea, ga je dobila po letu dni.<\/p>\n<p>Tekom leta pa sre\u010dujemo \u0161e druge drobce izro\u010dil v zvezi z iskanjem mo\u017ea. \u017de na Gregorjevo na primer, so se dekleta obra\u010dala v nebo in iz leta ptic vede\u017eevale, kak\u0161en bo njihov mo\u017e.<\/p>\n<p><a href=\"http:\/\/veles.si\/wp-content\/uploads\/bezeg1x.jpg\"><img decoding=\"async\" loading=\"lazy\" class=\"alignnone size-large wp-image-1563\" alt=\"bezeg iskanje mo\u017ea irena petri\u010d veles\" src=\"http:\/\/veles.si\/wp-content\/uploads\/bezeg1x-1024x723.jpg\" width=\"600\" height=\"423\" srcset=\"http:\/\/veles.si\/wp-content\/uploads\/bezeg1x-1024x723.jpg 1024w, http:\/\/veles.si\/wp-content\/uploads\/bezeg1x-300x212.jpg 300w, http:\/\/veles.si\/wp-content\/uploads\/bezeg1x-600x424.jpg 600w\" sizes=\"(max-width: 600px) 100vw, 600px\" \/><\/a><\/p>\n","protected":false},"excerpt":{"rendered":"<p>Mesec ro\u017enik je \u010das, ko se za\u010dne poletje, ko praznujemo najve\u010dji praznik v cikli\u010dnem letu. Boga in boginjo sre\u010damo v zrelih letih na vrhuncu njunih mo\u010di, ob poletnem kresu pa praznujemo njuno poroko ter ljubezen po\u010dastimo in utrdimo s skakanjem preko ognja. Preverite na\u0161o spletno stran, in \u010de vam tako veli srce, se nam kdaj [&hellip;]<\/p>\n","protected":false},"author":1,"featured_media":1563,"parent":0,"menu_order":0,"comment_status":"closed","ping_status":"closed","template":"","meta":[],"_links":{"self":[{"href":"http:\/\/veles.si\/index.php?rest_route=\/wp\/v2\/pages\/1560"}],"collection":[{"href":"http:\/\/veles.si\/index.php?rest_route=\/wp\/v2\/pages"}],"about":[{"href":"http:\/\/veles.si\/index.php?rest_route=\/wp\/v2\/types\/page"}],"author":[{"embeddable":true,"href":"http:\/\/veles.si\/index.php?rest_route=\/wp\/v2\/users\/1"}],"replies":[{"embeddable":true,"href":"http:\/\/veles.si\/index.php?rest_route=%2Fwp%2Fv2%2Fcomments&post=1560"}],"version-history":[{"count":4,"href":"http:\/\/veles.si\/index.php?rest_route=\/wp\/v2\/pages\/1560\/revisions"}],"predecessor-version":[{"id":1567,"href":"http:\/\/veles.si\/index.php?rest_route=\/wp\/v2\/pages\/1560\/revisions\/1567"}],"wp:featuredmedia":[{"embeddable":true,"href":"http:\/\/veles.si\/index.php?rest_route=\/wp\/v2\/media\/1563"}],"wp:attachment":[{"href":"http:\/\/veles.si\/index.php?rest_route=%2Fwp%2Fv2%2Fmedia&parent=1560"}],"curies":[{"name":"wp","href":"https:\/\/api.w.org\/{rel}","templated":true}]}}