{"id":239,"date":"2015-04-14T10:31:48","date_gmt":"2015-04-14T08:31:48","guid":{"rendered":"http:\/\/veles.si\/?page_id=239"},"modified":"2021-10-11T19:04:30","modified_gmt":"2021-10-11T17:04:30","slug":"obeski","status":"publish","type":"page","link":"http:\/\/veles.si\/?page_id=239","title":{"rendered":"obeski"},"content":{"rendered":"<p>&nbsp;<\/p>\n<p>Pri Velesu imamo na voljo lesene obeske s staroslovanskimi simboli in prilo\u017eeno mini informativno bro\u0161urico, kjer si lahko preberete ve\u010d o simboliki obeska.<br \/>\n\u017de od leta 2013 nosijo tudi certifikat Obrtno &#8211; podjetni\u0161ke zbornice Slovenije.<\/p>\n<p>Na voljo smo vam tudi za individualna svetovanja glede no\u0161enja simbolov glede na va\u0161o trenutno situacijo oz. va\u0161e \u017eelje.<\/p>\n<p>Obesek lahko naro\u010dite kar preko emaila: drustvo.veles@gmail.com oz. obi\u0161\u010dete na\u0161o buti\u010dno, spletno trgovinico <a href=\"https:\/\/svarunica.com\/sl\/kategorija-izdelka\/obeski\/\" target=\"_blank\">SVARUNICA<\/a> in sledite postopku nakupa.<br \/>\nV opombah tekom naro\u010danja vas prosimo, da navedete v katerem jeziku \u017eelite bro\u0161urico.<\/p>\n<p><a href=\"https:\/\/svarunica.com\/sl\/kategorija-izdelka\/obeski\/\" target=\"_blank\"><img decoding=\"async\" loading=\"lazy\" alt=\"IMG_20210616_092836\" src=\"http:\/\/veles.si\/wp-content\/uploads\/IMG_20210616_092836.jpg\" width=\"1417\" height=\"1063\" \/><\/a><\/p>\n<p><a href=\"http:\/\/veles.si\/wp-content\/uploads\/IMG_20210616_090100-1.jpg\"><img decoding=\"async\" loading=\"lazy\" class=\"alignnone size-full wp-image-1602\" alt=\"IMG_20210616_090100-1\" src=\"http:\/\/veles.si\/wp-content\/uploads\/IMG_20210616_090100-1.jpg\" width=\"1417\" height=\"1063\" srcset=\"http:\/\/veles.si\/wp-content\/uploads\/IMG_20210616_090100-1.jpg 1417w, http:\/\/veles.si\/wp-content\/uploads\/IMG_20210616_090100-1-300x225.jpg 300w, http:\/\/veles.si\/wp-content\/uploads\/IMG_20210616_090100-1-1024x768.jpg 1024w, http:\/\/veles.si\/wp-content\/uploads\/IMG_20210616_090100-1-600x450.jpg 600w\" sizes=\"(max-width: 1417px) 100vw, 1417px\" \/><\/a><\/p>\n<p><a href=\"http:\/\/veles.si\/wp-content\/uploads\/IMG_20210616_084747-1.jpg\"><img decoding=\"async\" loading=\"lazy\" class=\"alignnone size-full wp-image-1603\" alt=\"IMG_20210616_084747-1\" src=\"http:\/\/veles.si\/wp-content\/uploads\/IMG_20210616_084747-1.jpg\" width=\"1417\" height=\"1063\" srcset=\"http:\/\/veles.si\/wp-content\/uploads\/IMG_20210616_084747-1.jpg 1417w, http:\/\/veles.si\/wp-content\/uploads\/IMG_20210616_084747-1-300x225.jpg 300w, http:\/\/veles.si\/wp-content\/uploads\/IMG_20210616_084747-1-1024x768.jpg 1024w, http:\/\/veles.si\/wp-content\/uploads\/IMG_20210616_084747-1-600x450.jpg 600w\" sizes=\"(max-width: 1417px) 100vw, 1417px\" \/><\/a><\/p>\n<p><a href=\"http:\/\/veles.si\/wp-content\/uploads\/IMG_20210616_083516-3.jpg\"><img decoding=\"async\" loading=\"lazy\" class=\"alignnone size-full wp-image-1604\" alt=\"IMG_20210616_083516-3\" src=\"http:\/\/veles.si\/wp-content\/uploads\/IMG_20210616_083516-3.jpg\" width=\"1417\" height=\"1063\" srcset=\"http:\/\/veles.si\/wp-content\/uploads\/IMG_20210616_083516-3.jpg 1417w, http:\/\/veles.si\/wp-content\/uploads\/IMG_20210616_083516-3-300x225.jpg 300w, http:\/\/veles.si\/wp-content\/uploads\/IMG_20210616_083516-3-1024x768.jpg 1024w, http:\/\/veles.si\/wp-content\/uploads\/IMG_20210616_083516-3-600x450.jpg 600w\" sizes=\"(max-width: 1417px) 100vw, 1417px\" \/><\/a><\/p>\n<p><a href=\"http:\/\/veles.si\/wp-content\/uploads\/IMG_20210616_085619-2.jpg\"><img decoding=\"async\" loading=\"lazy\" class=\"alignnone size-full wp-image-1605\" alt=\"IMG_20210616_085619-2\" src=\"http:\/\/veles.si\/wp-content\/uploads\/IMG_20210616_085619-2.jpg\" width=\"1417\" height=\"1063\" srcset=\"http:\/\/veles.si\/wp-content\/uploads\/IMG_20210616_085619-2.jpg 1417w, http:\/\/veles.si\/wp-content\/uploads\/IMG_20210616_085619-2-300x225.jpg 300w, http:\/\/veles.si\/wp-content\/uploads\/IMG_20210616_085619-2-1024x768.jpg 1024w, http:\/\/veles.si\/wp-content\/uploads\/IMG_20210616_085619-2-600x450.jpg 600w\" sizes=\"(max-width: 1417px) 100vw, 1417px\" \/><\/a><\/p>\n<p><a href=\"http:\/\/veles.si\/wp-content\/uploads\/IMG_20210616_090229-1.jpg\"><img decoding=\"async\" loading=\"lazy\" class=\"alignnone size-full wp-image-1606\" alt=\"IMG_20210616_090229-1\" src=\"http:\/\/veles.si\/wp-content\/uploads\/IMG_20210616_090229-1.jpg\" width=\"1417\" height=\"1063\" srcset=\"http:\/\/veles.si\/wp-content\/uploads\/IMG_20210616_090229-1.jpg 1417w, http:\/\/veles.si\/wp-content\/uploads\/IMG_20210616_090229-1-300x225.jpg 300w, http:\/\/veles.si\/wp-content\/uploads\/IMG_20210616_090229-1-1024x768.jpg 1024w, http:\/\/veles.si\/wp-content\/uploads\/IMG_20210616_090229-1-600x450.jpg 600w\" sizes=\"(max-width: 1417px) 100vw, 1417px\" \/><\/a><\/p>\n<p><a href=\"http:\/\/veles.si\/wp-content\/uploads\/IMG_20210616_083112-2.jpg\"><img decoding=\"async\" loading=\"lazy\" class=\"alignnone size-full wp-image-1607\" alt=\"IMG_20210616_083112-2\" src=\"http:\/\/veles.si\/wp-content\/uploads\/IMG_20210616_083112-2.jpg\" width=\"1417\" height=\"1063\" srcset=\"http:\/\/veles.si\/wp-content\/uploads\/IMG_20210616_083112-2.jpg 1417w, http:\/\/veles.si\/wp-content\/uploads\/IMG_20210616_083112-2-300x225.jpg 300w, http:\/\/veles.si\/wp-content\/uploads\/IMG_20210616_083112-2-1024x768.jpg 1024w, http:\/\/veles.si\/wp-content\/uploads\/IMG_20210616_083112-2-600x450.jpg 600w\" sizes=\"(max-width: 1417px) 100vw, 1417px\" \/><\/a><\/p>\n<p><a href=\"http:\/\/veles.si\/wp-content\/uploads\/IMG_20210616_085407-2.jpg\"><img decoding=\"async\" loading=\"lazy\" class=\"alignnone size-full wp-image-1608\" alt=\"IMG_20210616_085407-2\" src=\"http:\/\/veles.si\/wp-content\/uploads\/IMG_20210616_085407-2.jpg\" width=\"1417\" height=\"1063\" srcset=\"http:\/\/veles.si\/wp-content\/uploads\/IMG_20210616_085407-2.jpg 1417w, http:\/\/veles.si\/wp-content\/uploads\/IMG_20210616_085407-2-300x225.jpg 300w, http:\/\/veles.si\/wp-content\/uploads\/IMG_20210616_085407-2-1024x768.jpg 1024w, http:\/\/veles.si\/wp-content\/uploads\/IMG_20210616_085407-2-600x450.jpg 600w\" sizes=\"(max-width: 1417px) 100vw, 1417px\" \/><\/a><\/p>\n","protected":false},"excerpt":{"rendered":"<p>&nbsp; Pri Velesu imamo na voljo lesene obeske s staroslovanskimi simboli in prilo\u017eeno mini informativno bro\u0161urico, kjer si lahko preberete ve\u010d o simboliki obeska. \u017de od leta 2013 nosijo tudi certifikat Obrtno &#8211; podjetni\u0161ke zbornice Slovenije. Na voljo smo vam tudi za individualna svetovanja glede no\u0161enja simbolov glede na va\u0161o trenutno situacijo oz. va\u0161e \u017eelje. [&hellip;]<\/p>\n","protected":false},"author":1,"featured_media":0,"parent":0,"menu_order":0,"comment_status":"closed","ping_status":"closed","template":"","meta":[],"_links":{"self":[{"href":"http:\/\/veles.si\/index.php?rest_route=\/wp\/v2\/pages\/239"}],"collection":[{"href":"http:\/\/veles.si\/index.php?rest_route=\/wp\/v2\/pages"}],"about":[{"href":"http:\/\/veles.si\/index.php?rest_route=\/wp\/v2\/types\/page"}],"author":[{"embeddable":true,"href":"http:\/\/veles.si\/index.php?rest_route=\/wp\/v2\/users\/1"}],"replies":[{"embeddable":true,"href":"http:\/\/veles.si\/index.php?rest_route=%2Fwp%2Fv2%2Fcomments&post=239"}],"version-history":[{"count":17,"href":"http:\/\/veles.si\/index.php?rest_route=\/wp\/v2\/pages\/239\/revisions"}],"predecessor-version":[{"id":1612,"href":"http:\/\/veles.si\/index.php?rest_route=\/wp\/v2\/pages\/239\/revisions\/1612"}],"wp:attachment":[{"href":"http:\/\/veles.si\/index.php?rest_route=%2Fwp%2Fv2%2Fmedia&parent=239"}],"curies":[{"name":"wp","href":"https:\/\/api.w.org\/{rel}","templated":true}]}}