{"id":548,"date":"2016-05-01T15:00:40","date_gmt":"2016-05-01T13:00:40","guid":{"rendered":"http:\/\/veles.si\/?page_id=548"},"modified":"2016-05-01T15:06:13","modified_gmt":"2016-05-01T13:06:13","slug":"548-2","status":"publish","type":"page","link":"http:\/\/veles.si\/?page_id=548","title":{"rendered":"dogodki v maju 2016"},"content":{"rendered":"<p><b>9.5.2016 ob 18h, Brezje pri Grosupljem<br \/>\nDELAVNICA:\u00a0 SPOMLADANSKA BOGINJA V MENI IN STARODAVNI SIMBOLI<\/b><br \/>\nV za\u010detku meseca malega travna je v Grosupljem potekalo uvodno predavanje o \u017eenskih aspektih v starodavnem izro\u010dilu na\u0161ega prostora. Na\u0161a dru\u017eenja nadaljujemo z delavnicami, kjer predvsem vabimo med nas \u017eenske, ki bi se \u017eelele pobli\u017ee spoznati z na\u0161imi bo\u017eanskimi silami, ki kraljujejo trenutnemu \u010dasu, na kak\u0161en na\u010din se lahko povezujemo z njimi v vsakdanjem \u017eivljenju, da dose\u017eemo notranji mir, spoznanja, prave odlo\u010ditve, kako so se predniki z njimi povezovali neko\u010d.<br \/>\nSpoznali bomo tudi starodavne simbole, za kaj so jih uporabljali predniki in kako nam slu\u017eijo danes, da za\u0161\u010ditimo sebe, na\u0161e \u017eivali, rastline, vrt, objekte, kako z njimi odstranjujemo blokade.<br \/>\nDelavnice vodim Irena Urankar, ki \u017ee desetletje preu\u010dujem na\u0161o mitolo\u0161ko in duhovno zakladnico, na temo ustvarjam in staro vero v vsakdanjem \u017eivljenju tudi \u017eivim. Zadnjih 5 let pa to izro\u010dilo intenzivno predajam tudi v javnost. Delavnice prireja in gosti center \u017dAREK, Helena Cesar s.p.<br \/>\nDru\u017eenje poteka tri \u0161olske ure. Prva je namenjena teoreti\u010dnemu spoznavanju, druga vsebuje iskanje svoje vodnice pri dolo\u010denih izzivih, kjer bomo delali skupinsko in individualno ter dajali napotke za domov, zadnja \u0161olska ura pa je namenjena izdelavi simbola oz. ve\u010d simbolov, ki nam slu\u017eijo za individualne situacije, naj gre za vzgojo sadik, za mo\u010d in zagon pri novih projketih, za premagovanje strahov itd.<br \/>\nVe\u010d informacij in prijave pa na:\u00a0<a href=\"mailto:zarek@siol.net\" target=\"_blank\">zarek@siol.net<\/a><br \/>\nfb dogodek:\u00a0<a href=\"https:\/\/www.facebook.com\/events\/975426085866988\/\" target=\"_blank\">https:\/\/www.facebook.<wbr \/>com\/events\/975426085866988\/<\/a><\/p>\n<p><a href=\"http:\/\/veles.si\/wp-content\/uploads\/spomladanska-boginja-v-meni.jpg\"><img decoding=\"async\" loading=\"lazy\" class=\"alignnone size-large wp-image-552\" alt=\"spomladanska-boginja-v-meni\" src=\"http:\/\/veles.si\/wp-content\/uploads\/spomladanska-boginja-v-meni-1024x340.jpg\" width=\"600\" height=\"199\" srcset=\"http:\/\/veles.si\/wp-content\/uploads\/spomladanska-boginja-v-meni-1024x340.jpg 1024w, http:\/\/veles.si\/wp-content\/uploads\/spomladanska-boginja-v-meni-300x99.jpg 300w, http:\/\/veles.si\/wp-content\/uploads\/spomladanska-boginja-v-meni-600x199.jpg 600w, http:\/\/veles.si\/wp-content\/uploads\/spomladanska-boginja-v-meni.jpg 1200w\" sizes=\"(max-width: 600px) 100vw, 600px\" \/><\/a><\/p>\n<p><b>14.5.2016 od 9.30 do 18h, Ljubljana, Hotel Lev<br \/>\nPREDAVANJE: \u017dENSKI ASPEKTI V STARODAVNEM IZRO\u010cILU NA\u0160EGA PROSTORA<\/b><br \/>\nNa\u0161a mitologija ni ni\u010d manj kompleksna kot rimska in gr\u0161ka o kateri se u\u010dimo v \u0161olah, le te\u017eje je priti do informacij, ker je bila in je \u0161e iz neznanega razloga v javnem \u0161olstvu \u0161e vedno neizpostavljena. \u010ceprav se vedno ve\u010d posameznikov, dru\u0161tev, zavodov in drugih skupin, tako svobodnih raziskovalcev, ustvarjalcev in strokovnjakov trudi, da bi dobila tudi na\u0161a stara vera svojo veljavo. Vsi se v\u010dasih navdu\u0161ujemo nad Kelti, nad njihovimi misti\u010dnimi druidi in umetnostjo pa vikin\u0161kimi bogovi, ki jih sre\u010damo \u017ee vsepovsod, v poeziji, prozi, glasbi, na filmu, o rimljanih in grkih je bilo ustvarjenega toliko, da je kar te\u017eko narediti seznam, a kako je pri nas? Namre\u010d, tudi pri nas imamo svoje bogove, boginje, ki so neko\u010d in \u0161e do nedavnega krojile Slovencem in drugim Slovanom \u00a0njihov vsakdan. Poznamo mnogo aspektov \u017eenske in mo\u0161ke ustvarjalne sile, ki jih sre\u010damo v najrazli\u010dnej\u0161ih oblikah sozi vse leto in so nam pustili za seboj svoje zgodbe preko ljudskih pesmi in starih obi\u010dajev. Ker so starodavna verovanja mo\u010dno vezana na \u010da\u0161\u010denje Narave, se tudi verovanja \u017ee samo na podro\u010dju Slovenije tudi razlikujejo ne le v poimenovanjih bo\u017eanskih sil, tudi v obliki obredij in \u010dasovih zamikih, saj je stara vera lokalna tradicija in \u010deprav vse Slovence povezuje skupna baza, ima vsak konec svoje posebnosti.<br \/>\nTorat bomo podrobneje spoznavali prav \u017eenske boginje na\u0161ega prostora v kak\u0161ni od naslendjih predstavitev pa se spoznamo \u0161e z mo\u0161kimi bo\u017eanstvi in drugimi temami.<br \/>\nPoleg predavanja bo \u00a0Veles, agrarno-umetni\u0161ko dru\u0161tva na voljo tudi na stojnici z razli\u010dnimi izdelki v navezi na omenjene teme.<br \/>\n<em>(klikni na spodnjo sliko za ve\u010d info na facebook dogodku)<\/em><\/p>\n<p><a href=\"https:\/\/www.facebook.com\/sobotazame\/\" target=\"_blank\"><img decoding=\"async\" loading=\"lazy\" class=\"alignnone size-full wp-image-549\" alt=\"13062061_1592056504456305_6576286478047657879_n\" src=\"http:\/\/veles.si\/wp-content\/uploads\/13062061_1592056504456305_6576286478047657879_n.jpg\" width=\"725\" height=\"375\" srcset=\"http:\/\/veles.si\/wp-content\/uploads\/13062061_1592056504456305_6576286478047657879_n.jpg 725w, http:\/\/veles.si\/wp-content\/uploads\/13062061_1592056504456305_6576286478047657879_n-300x155.jpg 300w, http:\/\/veles.si\/wp-content\/uploads\/13062061_1592056504456305_6576286478047657879_n-600x310.jpg 600w\" sizes=\"(max-width: 725px) 100vw, 725px\" \/><\/a><\/p>\n<p>&nbsp;<\/p>\n<p><b>18.5.2016, Ljubljana, Teden vse\u017eivljenjskega u\u010denja, Center Cene \u0160tupar<br \/>\nPREDAVANJE: MAGI\u010cNOST SPOMLADANSKEGA \u010cASA PRI NA\u0160IH PREDNIKIH<br \/>\n<\/b><span style=\"text-decoration: underline;\">Datum bomo \u0161e dokon\u010dno potrdili do konca aprila.<\/span><br \/>\nV predavanju bomo spoznali, kako so na\u0161i predniki videli cikli\u010dno leto, izpostavljali bomo spomladanske bogove in boginje, ki kraljujejo \u010dasu, simbole, ki jih najve\u010dkrat sre\u010damo in vse tiste \u0161ege, ki so se nam ohranile v ustnem izro\u010dilu. Ki so bile zapisane in na kak\u0161en na\u010din jih staroverci ohranjamo tudi danes, da vedenje o prednikih ne bi zamrlo.<br \/>\n<b>19.5.2016, od 18:30 do 20h LJ grad, Grajski gri\u010d<br \/>\nPREDAVANJE na prostem: O MITOLO\u0160KI ZAKLADNICI LJUBLJANE\u00a0 z meditacijo<br \/>\n<\/b>Tudi Ljubljana je polna mitolo\u0161kih zakladov in virov o starih bo\u017eanstvih, pa ne le rimskih iz \u010dasa Emone ampka tudi tistih, ki so prav slovenski in znani tudi v \u0161ir\u0161em slovanskem prostoru. Polna je zanimivosti o nekdajih obredjih in skoraj na vsakem koraku je najti starodavno simboliko, ki ima\u00a0 svoj prostor v zgodbah.<br \/>\nKaj vse skriva Ljubljana, kar vam sicer turisti\u010dni vodniki ne razkrivajo, lahko izveste na predavanju na prostem, na grajskem gri\u010du. ki ga zaklju\u010dimo z meditacijo. Na predavanju prejmete tudi nekaj, kar boste sami dodelali in kot daritev odnesli v Ljubljanico prav tja, koder so se dolga stoletja dogajale obredne daritve.<br \/>\nZa prijave in dodatne info pi\u0161ite na\u00a0<a href=\"mailto:drustvo.veles@gmail.com\" target=\"_blank\">drustvo.veles@gmail.com<\/a><\/p>\n<p><a href=\"http:\/\/veles.si\/wp-content\/uploads\/mitoloska-zakladnica-predavanje-na-prostem.jpg\"><img decoding=\"async\" loading=\"lazy\" class=\"alignnone size-large wp-image-550\" alt=\"mitoloska-zakladnica---predavanje-na-prostem\" src=\"http:\/\/veles.si\/wp-content\/uploads\/mitoloska-zakladnica-predavanje-na-prostem-1024x340.jpg\" width=\"600\" height=\"199\" srcset=\"http:\/\/veles.si\/wp-content\/uploads\/mitoloska-zakladnica-predavanje-na-prostem-1024x340.jpg 1024w, http:\/\/veles.si\/wp-content\/uploads\/mitoloska-zakladnica-predavanje-na-prostem-300x99.jpg 300w, http:\/\/veles.si\/wp-content\/uploads\/mitoloska-zakladnica-predavanje-na-prostem-600x199.jpg 600w, http:\/\/veles.si\/wp-content\/uploads\/mitoloska-zakladnica-predavanje-na-prostem.jpg 1200w\" sizes=\"(max-width: 600px) 100vw, 600px\" \/><\/a><\/p>\n<p><b><br \/>\n25.5.2016, od 10h do 11:30 LJ grad, Grajski gri\u010d<br \/>\nPREDAVANJE na prostem: O MITOLO\u0160KI ZAKLADNICI LJUBLJANE\u00a0 z meditacijo<br \/>\n<\/b>Tudi Ljubljana je polna mitolo\u0161kih zakladov in virov o starih bo\u017eanstvih, pa ne le rimskih iz \u010dasa Emone ampka tudi tistih, ki so prav slovenski in znani tudi v \u0161ir\u0161em slovanskem prostoru. Polna je zanimivosti o nekdajih obredjih in skoraj na vsakem koraku je najti starodavno simboliko, ki ima\u00a0 svoj prostor v zgodbah.<br \/>\nKaj vse skriva Ljubljana, kar vam sicer turisti\u010dni vodniki ne razkrivajo, lahko izveste na predavanju na prostem, na grajskem gri\u010du. ki ga zaklju\u010dimo z meditacijo. Na predavanju prejmete tudi nekaj, kar boste sami dodelali in kot daritev odnesli v Ljubljanico prav tja, koder so se dolga stoletja dogajale obredne daritve.<br \/>\nZa prijave in dodatne info pi\u0161ite na\u00a0<a href=\"mailto:drustvo.veles@gmail.com\" target=\"_blank\">drustvo.veles@gmail.com<br \/>\n<\/a><\/p>\n<p>V primeru slabega vremena dogodke na prostem prestavimo na druge termine. Ostanite z nami!<\/p>\n","protected":false},"excerpt":{"rendered":"<p>9.5.2016 ob 18h, Brezje pri Grosupljem DELAVNICA:\u00a0 SPOMLADANSKA BOGINJA V MENI IN STARODAVNI SIMBOLI V za\u010detku meseca malega travna je v Grosupljem potekalo uvodno predavanje o \u017eenskih aspektih v starodavnem izro\u010dilu na\u0161ega prostora. Na\u0161a dru\u017eenja nadaljujemo z delavnicami, kjer predvsem vabimo med nas \u017eenske, ki bi se \u017eelele pobli\u017ee spoznati z na\u0161imi bo\u017eanskimi silami, ki [&hellip;]<\/p>\n","protected":false},"author":1,"featured_media":0,"parent":0,"menu_order":0,"comment_status":"closed","ping_status":"closed","template":"","meta":[],"_links":{"self":[{"href":"http:\/\/veles.si\/index.php?rest_route=\/wp\/v2\/pages\/548"}],"collection":[{"href":"http:\/\/veles.si\/index.php?rest_route=\/wp\/v2\/pages"}],"about":[{"href":"http:\/\/veles.si\/index.php?rest_route=\/wp\/v2\/types\/page"}],"author":[{"embeddable":true,"href":"http:\/\/veles.si\/index.php?rest_route=\/wp\/v2\/users\/1"}],"replies":[{"embeddable":true,"href":"http:\/\/veles.si\/index.php?rest_route=%2Fwp%2Fv2%2Fcomments&post=548"}],"version-history":[{"count":2,"href":"http:\/\/veles.si\/index.php?rest_route=\/wp\/v2\/pages\/548\/revisions"}],"predecessor-version":[{"id":553,"href":"http:\/\/veles.si\/index.php?rest_route=\/wp\/v2\/pages\/548\/revisions\/553"}],"wp:attachment":[{"href":"http:\/\/veles.si\/index.php?rest_route=%2Fwp%2Fv2%2Fmedia&parent=548"}],"curies":[{"name":"wp","href":"https:\/\/api.w.org\/{rel}","templated":true}]}}