{"id":641,"date":"2016-08-04T09:20:00","date_gmt":"2016-08-04T07:20:00","guid":{"rendered":"http:\/\/veles.si\/?page_id=641"},"modified":"2016-08-11T16:22:58","modified_gmt":"2016-08-11T14:22:58","slug":"prihajajoci-dogodki","status":"publish","type":"page","link":"http:\/\/veles.si\/?page_id=641","title":{"rendered":"dogodki in delovanje"},"content":{"rendered":"<p><a href=\"http:\/\/veles.si\/wp-content\/uploads\/dogodki-drustvo-veles-2016.jpg\"><img decoding=\"async\" loading=\"lazy\" class=\"alignnone size-large wp-image-653\" alt=\"dogodki-drustvo-veles 2016\" src=\"http:\/\/veles.si\/wp-content\/uploads\/dogodki-drustvo-veles-2016-1024x707.jpg\" width=\"600\" height=\"414\" srcset=\"http:\/\/veles.si\/wp-content\/uploads\/dogodki-drustvo-veles-2016-1024x707.jpg 1024w, http:\/\/veles.si\/wp-content\/uploads\/dogodki-drustvo-veles-2016-300x207.jpg 300w, http:\/\/veles.si\/wp-content\/uploads\/dogodki-drustvo-veles-2016-600x414.jpg 600w, http:\/\/veles.si\/wp-content\/uploads\/dogodki-drustvo-veles-2016.jpg 2000w\" sizes=\"(max-width: 600px) 100vw, 600px\" \/><\/a><\/p>\n<p lang=\"sl-SI\" align=\"LEFT\">Dragi prijatelji starih izro\u010dil,<\/p>\n<p lang=\"sl-SI\" align=\"LEFT\">sr\u010dno upamo, da pre\u017eivljate prijetno in spro\u0161\u010dujo\u010de poletje in u\u017eivate tudi v svojih bujnih vrtovih \ud83d\ude42<br \/>\nObve\u0161\u010damo vas o na\u0161ih dogodkih in delovanju.<\/p>\n<p lang=\"sl-SI\" align=\"LEFT\"><b>Slovanska rodnoverna ve\u010da in Evropski kongres etni\u010dnih religij (ECER) v Pragi<\/b><br \/>\nPred dvemi tedni so se trije predstavniki dru\u0161tva Slovenski staroverci in dru\u0161tva Veles udele\u017eili XIII. Slovanske rodnoverne ve\u010de v Pragi, nato pa prvi\u010d \u0161e Evropskega kongresa etni\u010dnih religij.<br \/>\nNa obeh konferencah so predstavili delovanje dru\u0161tva in Rodnoverne \u017eupe Veles. Rodnoverna \u017eupa Veles je tudi pristopila v ECER. Kolegi so predstavili na\u0161e dosedanje projekte, Staroslovanski semenj, pobude o vklju\u010ditvi mitologije v u\u010dne na\u010drte, za\u0161\u010dito svetih mest, novo izdane vire za staroverstvo ter krepili vezi s staroverci.<\/p>\n<p lang=\"sl-SI\" align=\"LEFT\"><b>\u00a0<\/b><\/p>\n<p lang=\"sl-SI\" align=\"LEFT\"><b>Aktivni na vrtu &#8211; za vas na voljo sve\u017ea zelenjava z energijo prednikov<br \/>\n<\/b>Po zaklju\u010dku na\u0161ega Staroslovanskega semnja (<a href=\"http:\/\/staroslovanski-semenj.eu\/\" target=\"_blank\" data-saferedirecturl=\"https:\/\/www.google.com\/url?hl=en&amp;q=http:\/\/staroslovanski-semenj.eu\/&amp;source=gmail&amp;ust=1470381344717000&amp;usg=AFQjCNEWPTrE03YGELUb_zf29cP6T_n3hg\">http:\/\/staroslovanski-semenj.<wbr \/>eu\/<\/a>) je leto\u0161nji toplej\u0161i del leta pri Velesu predvsem v znamenju dela na vrtu in del na posestvu Hru\u0161ovje pod Limbarsko Goro, kjer vrtnarimo na povsem naraven na\u010din, ki je podkrepljen \u0161e z energijskimi prijemi za bolj\u0161o rast.<br \/>\nVreme, kot marsikomu, je letos zagodlo tudi nam, zato so\/bodo povrtnine malce kasneje, kot smo predvidevali, na vi\u0161inskih kmetijah, pa gre vse \u0161e maj\u010dkeno po\u010dasneje.<br \/>\nSpremljajte na\u0161o FB stran :\u00a0<a href=\"https:\/\/www.facebook.com\/drustvoveles\/\" target=\"_blank\" data-saferedirecturl=\"https:\/\/www.google.com\/url?hl=en&amp;q=https:\/\/www.facebook.com\/drustvoveles\/&amp;source=gmail&amp;ust=1470381344717000&amp;usg=AFQjCNF_gNm8iX6BBeVul-KZGHH0LAieVg\">https:\/\/www.facebook.com\/<wbr \/>drustvoveles\/<\/a>, kjer objavljamo sproti, katere povrtnine so na voljo. Prevzem je mo\u017een na sede\u017eu dru\u0161tva, Magajnova ulica 1, Ljubljana \u010crnu\u010de.<br \/>\n\u010ce \u017eelite, nas kontaktirajte in vas indvidualno obve\u0161\u010damo po mailu.<br \/>\nZ jesenjo in zimo pa dru\u0161tvo Veles predvsem na podro\u010dju projekta o\u017eivitve stare kme\u010dke posesti in postavitve Mitolo\u0161kega parka, i\u0161\u010de sodelavce. \u010ce ste zainteresirani, nam pi\u0161ite.<br \/>\nPredvidoma bomo v oktobru tudi organizirali predstavitev projektov s pomo\u010djo kariernega centra v Ljubljani.<\/p>\n<p lang=\"sl-SI\" align=\"LEFT\"><b>\u017detev in \u017diva &#8211; meditacija<\/b><br \/>\n15. avgust, ki sicer v kr\u0161\u010danskem \u010dasu zaznamuje Marijino vnebovzetje, je \u010das stare boginje \u017dive s svojima simboloma p\u0161enice in jabolka.<br \/>\nKdor \u017eeli, se mi lahko pridru\u017ei v meditaciji na daljavo od doma oz. \u017eeljene lokacije. Pi\u0161ite za nadaljne informacije.<\/p>\n<p lang=\"sl-SI\" align=\"LEFT\"><b><br \/>\nPredavanje o \u017eenskih aspektih v Ljubljani<br \/>\n<\/b>V ponedeljek, 12.9.2016 ob 19h, vas vabimo v hostel Tresor \/ \u010copova ulica na predavanje \u201e\u017denski aspekti v duhovni dedi\u0161\u010dini na\u0161ih prednikov\u201c, kjer se v vsebinah najbolj posve\u010damo boginam na\u0161ega prostora in njihovim simbolom, pa tudi razlikam vzhodne in zahodne Slovenije. Jesen je \u010das instrospekcije, analiz in \u017eenskega elementa (Vode).Predavanju sledi kratka meditacija. Za\u017eeljeni so prostovoljni prispevki.<\/p>\n<p lang=\"sl-SI\" align=\"LEFT\"><b>Jesensko staroversko praznovanje<\/b><br \/>\nV soboto, 17.9.2016 ob 16h vas vabimo na j<span style=\"text-decoration: underline;\">esensko praznovanje Zahvale plodovom in prihoda Mare Morane, ki ga organizira \u017eupa Veles.<\/span>\u00a0Praznovali bomo v Osrednji Sloveniji, v okolici Ljubljane, kjer je osrednja prazni\u010dna nit analiza na\u0161ega dela, zahvala za preteklo leto in vse darove, osredoto\u010dali se\u00a0bomo na element\u00a0<span style=\"text-decoration: underline;\">Vode<\/span>, se spomnili prednikov.<br \/>\nKot vedno ob staroverskih praznovanjih \u2013 denarnih prispevkov ni, vsak prinese kak\u0161no malenkost za po zob s seboj in se skupaj pogostimo. Tokrat prinesite tudi kak\u0161en kos zelenjave s svojih vrtov in druge sadove svojega dela.<br \/>\nPrijave so za\u017eeljene na na\u0161 mail.<\/p>\n<p lang=\"sl-SI\" align=\"LEFT\">Polna luna v kimavcu\/septembru je pomembna predvsem na Krasu, saj se je takrat godil rodovitnosti obred v Triglavci. Vabimo vas, da kontaktirate na\u0161ega kolega Borisa \u010coka za ogled poti starovercev.\u00a0boriscok.lokev@<a href=\"http:\/\/gmail.com\/\" target=\"_blank\" data-saferedirecturl=\"https:\/\/www.google.com\/url?hl=en&amp;q=http:\/\/gmail.com&amp;source=gmail&amp;ust=1470381344717000&amp;usg=AFQjCNGylGTaa8-jGgGLU14pa2l0GYcmhg\">gm<wbr \/>ail.com<\/a><\/p>\n<p lang=\"sl-SI\" align=\"LEFT\"><b>O simbolih v knji\u017enici Kozina<\/b><br \/>\nZ veseljem se vra\u010damo v Kozino. V torek, 27.9.2016 ob 18h vas vabimo v knji\u017enico Kozina na predavanje o staroverskih simbolih, kjer bomo spoznavali mnogo zanimivih vsebin na\u0161ih pradedov, predvsem pa, kako simbole uporabljati tudi dandanes in kje v resnici ti\u010di njihova mo\u010d ter kako si jih lahko izdelamo sami.<br \/>\nPrisr\u010dno vabljeni.<\/p>\n<p lang=\"sl-SI\" align=\"LEFT\"><b>Na\u0161i izdelki<\/b><br \/>\nVabimo vas, da spremljate na\u0161o fb stran Veles dru\u0161tva in blagovne znamke Veles Grafika, kjer objavljamo tudi o na\u0161em umetni\u0161kem delovanju. Vseskozi so na voljo na\u0161i leseni obeski s staroslovanskimi simboli in kovinski kolovrati, ki jih po\u0161ljemo s pla\u010dilom po povzetju ali jih prevzamete osebno po predhodnem dogovoru.<br \/>\nKmalu bodo spet z drugo izdajo na voljo otro\u0161ke igralne karte z na\u0161imi mitolo\u0161kimi bitji.<br \/>\nV Velikem srpanu\/avgustu pa smo \u017ee pri\u010deli s prvimi pripravami na nov Mitolo\u0161ki koledar, ki bo s koncem leta 2016 ustvarjen in izdan \u017ee 8. leto po vrsti!<\/p>\n<p>Prijazen pozdrav in se vidimo \ud83d\ude42<\/p>\n<p lang=\"sl-SI\" align=\"LEFT\">Irena Urankar &amp; Veles<\/p>\n<p lang=\"sl-SI\" align=\"LEFT\">&#8212;<\/p>\n","protected":false},"excerpt":{"rendered":"<p>Dragi prijatelji starih izro\u010dil, sr\u010dno upamo, da pre\u017eivljate prijetno in spro\u0161\u010dujo\u010de poletje in u\u017eivate tudi v svojih bujnih vrtovih \ud83d\ude42 Obve\u0161\u010damo vas o na\u0161ih dogodkih in delovanju. Slovanska rodnoverna ve\u010da in Evropski kongres etni\u010dnih religij (ECER) v Pragi Pred dvemi tedni so se trije predstavniki dru\u0161tva Slovenski staroverci in dru\u0161tva Veles udele\u017eili XIII. Slovanske rodnoverne [&hellip;]<\/p>\n","protected":false},"author":1,"featured_media":0,"parent":0,"menu_order":0,"comment_status":"closed","ping_status":"closed","template":"","meta":[],"_links":{"self":[{"href":"http:\/\/veles.si\/index.php?rest_route=\/wp\/v2\/pages\/641"}],"collection":[{"href":"http:\/\/veles.si\/index.php?rest_route=\/wp\/v2\/pages"}],"about":[{"href":"http:\/\/veles.si\/index.php?rest_route=\/wp\/v2\/types\/page"}],"author":[{"embeddable":true,"href":"http:\/\/veles.si\/index.php?rest_route=\/wp\/v2\/users\/1"}],"replies":[{"embeddable":true,"href":"http:\/\/veles.si\/index.php?rest_route=%2Fwp%2Fv2%2Fcomments&post=641"}],"version-history":[{"count":4,"href":"http:\/\/veles.si\/index.php?rest_route=\/wp\/v2\/pages\/641\/revisions"}],"predecessor-version":[{"id":654,"href":"http:\/\/veles.si\/index.php?rest_route=\/wp\/v2\/pages\/641\/revisions\/654"}],"wp:attachment":[{"href":"http:\/\/veles.si\/index.php?rest_route=%2Fwp%2Fv2%2Fmedia&parent=641"}],"curies":[{"name":"wp","href":"https:\/\/api.w.org\/{rel}","templated":true}]}}