{"id":797,"date":"2017-10-13T11:51:50","date_gmt":"2017-10-13T09:51:50","guid":{"rendered":"http:\/\/veles.si\/?page_id=797"},"modified":"2017-10-16T22:10:52","modified_gmt":"2017-10-16T20:10:52","slug":"volkodlak","status":"publish","type":"page","link":"http:\/\/veles.si\/?page_id=797","title":{"rendered":"Volkodlak"},"content":{"rendered":"<p>Volkodlak je tipi\u010dno bitje slovanskega prostora in izro\u010dila. Lahko je dvojno\/<br \/>\nmejno bitje kot skupek \u010dloveka in \u017eivali ali pa demon v \u017eivalski obliki. Je pa<br \/>\nvolkodlak lahko re\u0161en svojega prekletstva z razli\u010dnimi obredji.<\/p>\n<p>V zgodbah\u00a0spoznamo, da se volkodlak pojavlja predvsem pozimi oz. ob polni luni, da<br \/>\nko spi, hodi k \u017eivim sorodnikom sesat kri, vse to nakazuje na neke pradavne<br \/>\n\u0161amanske povezave, enako kakor pri kresnikih in njihovih zapu\u0161\u010danjih telesa.<br \/>\nKo se bojujeta dva volkodlaka, lahko povzro\u010dita tudi son\u010dni mrk. Volkodlak<br \/>\npostane \u010dlovek s prekletstvom ali pa tudi, \u010de nose\u010dnica vidi volka po luninem<br \/>\nzahodu. Re\u0161eni so prekletstva, \u010de se jim ponudi kruh ali raztrga vol\u010djo ko\u017eo, ko<br \/>\njo odlo\u017eijo.<\/p>\n<p><a href=\"http:\/\/veles.si\/wp-content\/uploads\/VOLKODLAK-warewolf-curse-can-be-stopped-with-bread.jpg\"><img decoding=\"async\" loading=\"lazy\" class=\"alignnone size-large wp-image-798\" alt=\"VOLKODLAK, warewolf-curse can be stopped with bread\" src=\"http:\/\/veles.si\/wp-content\/uploads\/VOLKODLAK-warewolf-curse-can-be-stopped-with-bread-1024x724.jpg\" width=\"600\" height=\"424\" srcset=\"http:\/\/veles.si\/wp-content\/uploads\/VOLKODLAK-warewolf-curse-can-be-stopped-with-bread-1024x724.jpg 1024w, http:\/\/veles.si\/wp-content\/uploads\/VOLKODLAK-warewolf-curse-can-be-stopped-with-bread-300x212.jpg 300w, http:\/\/veles.si\/wp-content\/uploads\/VOLKODLAK-warewolf-curse-can-be-stopped-with-bread-600x424.jpg 600w\" sizes=\"(max-width: 600px) 100vw, 600px\" \/><\/a><\/p>\n<p>Volk ima zelo pomembno vlogo pri Slovanih, vemo, da so ju\u017eni Slovani vabili<br \/>\nvolkove na svatbo, v porokah so neko\u010d fantje imenovani \u00bbvuki\u00ab simboli\u010dno<br \/>\nnapadli \u017eeninovo hi\u0161o, poznamo Gospodarja volkov oz. vol\u010djega pastirja,<br \/>\npozimi ga sre\u010damo kot Velesa, na pomlad pa volkovom Jurij gobce zave\u017ee in<br \/>\nprinese pomlad. Na poljskem poznajo Wilkolace, ki se 2x na leto spreminjajo v<br \/>\nvolkove ob bo\u017ei\u010du in poletnem kresovanju, o \u010demer je poro\u010dal \u017ee Hrodot, ki je<br \/>\n\u017eivel v 5. stoletju pred na\u0161im \u0161tetjem. *1<\/p>\n<p>Ena izmed zgodb o volkodlaku pravi takole:<br \/>\n\u00bbVolkodlak je bil pol \u010dlovek, pol volk. Porasel je bil s sivo dlako, imel je ostre<br \/>\nkremplje in prirezane uhlje. Njegova mo\u010d je bila skrita v repu. \u010ce je imel<br \/>\nvolkodlak sre\u010do, se je lahko osvobodil svoje usode in spet postal \u010dlovek. Neka<br \/>\ndobra kmeti ca je re\u0161ila volkodlaka tako, da mu je dala kos kruha.<br \/>\nVoznik iz Dolenje vasi pri Ribnici je peljal svoje blago skozi hrva\u0161ke gozdove. Ko<br \/>\nje vozil po\u010dasi, je pri\u0161lo k njemu \u010dudno bitje, pol volka, pol \u010dloveka. Zverina<br \/>\nje bila ves \u010das pri njem. \u010ce se je kmet ustavil pred gosti lno in \u0161el v hi\u0161o, ga je<br \/>\nvolkodlak \u010dakal zunaj pri konjih. Tako ga je spremljal do doma.<br \/>\nKo je pri\u0161el domov, je kmet dejal \u017eeni: \u00bbKomaj sem ostal \u017eiv. Ves \u010das me je<br \/>\nspremljala zverina \u2013 pol volka, pol \u010dloveka.\u00ab Ozrl se je skozi okno in ga spet<br \/>\nzagledal.<br \/>\n\u00bbPoglej no, saj \u0161e skozi okno gleda,\u00ab je kmet rekel \u017eeni.<br \/>\n\u00bbGotovo kaj potrebuje,\u00ab je odvrnila \u017eena.<br \/>\nDobra kmeti ca je od\u0161la v shrambo, odrezala kos kruha in ga vrgla zveri skozi<br \/>\nokno.<br \/>\n\u00bbNa, jej v imenu bo\u017ejem, kar potrebuje\u0161, da bi bil re\u0161en.\u00ab<br \/>\n\u010cez nekaj \u010dasa je v hi\u0161o stopil \u010dlovek in se ji zahvali:<br \/>\n\u00bbSre\u010dna ti in ti sti , ki te je nau\u010dil. Glej, \u017ee toliko in toliko voznikov in tovornikov<br \/>\nsem spremljal, a nobeden mi ni tega storil, da bi me re\u0161il. Bili smo trije bratje,<br \/>\npa so nas zakleli. Prosili smo jih kruha, ko so ga ravno iz pe\u010di jemali, a mati so<br \/>\nrekli: \u00abNate, volkodlaki, po\u017erite, da boste siti .\u00ab<br \/>\nTisti trenutek smo se spremenili v volkodlake, od\u0161li v gozd in se raz\u0161li. Jaz sem<br \/>\nsedaj re\u0161en, moja brata pa hodita bog ve kje in kdo ve, ali sta \u017ee re\u0161ena. Ko smo<br \/>\nse raz\u0161li, smo bili mladi, zdaj pa sem \u017ee star in siv.\u00ab\u00a0*2<\/p>\n<p>*1\u00a0Irena Urankar<\/p>\n<p>*2 Kunaver D., Lipov\u0161ek B., Najlep\u0161i slovenski miti in legende, 2005 , str. 33<\/p>\n","protected":false},"excerpt":{"rendered":"<p>Volkodlak je tipi\u010dno bitje slovanskega prostora in izro\u010dila. Lahko je dvojno\/ mejno bitje kot skupek \u010dloveka in \u017eivali ali pa demon v \u017eivalski obliki. Je pa volkodlak lahko re\u0161en svojega prekletstva z razli\u010dnimi obredji. V zgodbah\u00a0spoznamo, da se volkodlak pojavlja predvsem pozimi oz. ob polni luni, da ko spi, hodi k \u017eivim sorodnikom sesat kri, [&hellip;]<\/p>\n","protected":false},"author":1,"featured_media":0,"parent":0,"menu_order":0,"comment_status":"closed","ping_status":"closed","template":"","meta":[],"_links":{"self":[{"href":"http:\/\/veles.si\/index.php?rest_route=\/wp\/v2\/pages\/797"}],"collection":[{"href":"http:\/\/veles.si\/index.php?rest_route=\/wp\/v2\/pages"}],"about":[{"href":"http:\/\/veles.si\/index.php?rest_route=\/wp\/v2\/types\/page"}],"author":[{"embeddable":true,"href":"http:\/\/veles.si\/index.php?rest_route=\/wp\/v2\/users\/1"}],"replies":[{"embeddable":true,"href":"http:\/\/veles.si\/index.php?rest_route=%2Fwp%2Fv2%2Fcomments&post=797"}],"version-history":[{"count":3,"href":"http:\/\/veles.si\/index.php?rest_route=\/wp\/v2\/pages\/797\/revisions"}],"predecessor-version":[{"id":810,"href":"http:\/\/veles.si\/index.php?rest_route=\/wp\/v2\/pages\/797\/revisions\/810"}],"wp:attachment":[{"href":"http:\/\/veles.si\/index.php?rest_route=%2Fwp%2Fv2%2Fmedia&parent=797"}],"curies":[{"name":"wp","href":"https:\/\/api.w.org\/{rel}","templated":true}]}}