{"id":828,"date":"2017-10-18T14:09:30","date_gmt":"2017-10-18T12:09:30","guid":{"rendered":"http:\/\/veles.si\/?page_id=828"},"modified":"2017-10-19T16:45:37","modified_gmt":"2017-10-19T14:45:37","slug":"mali-travenapril-in-jarilovo","status":"publish","type":"page","link":"http:\/\/veles.si\/?page_id=828","title":{"rendered":"Mali traven\/april in Jarilovo"},"content":{"rendered":"<p>Sve\u017eina, novi za\u010detki, ponovna akcija, zagon, \u017evrgolenje ptic, \u017eivina na pa\u0161i, aktivni, ustvarjalni pri\u010detek dela na poljih, zelenje, ljubezen, veselje, zdravje, optimizem. Premo\u010d svetlobe nad temo. Vse to obele\u017euje Jarila oz. Jarnika, pomladnega boga, ki vstaja iz podzemlja. V novi preobleki ga pri nas poznamo kot Zelenega Jurija.<\/p>\n<p>Njegov koren \u201ejar\u201c nakazuje na sve\u017eo, potentno energijo, mladost, seksualnost, izvorno \u017eivljenjsko silo. Ponekod pri nas so v preteklosti pravili, da se ob parjenju \u017eivina \u201ejari\u201c. Mlado \u017eito so imenovali jaro \u017eito. Ko je v jesenskem obredju kra\u0161ki sve\u010denik raztrosil \u017eitne kal\u010dke po poljih, je zaklical: \u201eJari \u017eito!\u201c. Torej \u2013 rodi, \u017eito!<\/p>\n<p>Nov rodni cikel, vstajanje iz podzemlja. Ni\u010d \u010dudnega ni, da je kr\u0161\u010danstvo, zaradi la\u017eje spreobrnitve sledilcev stare vere, postavilo Veliko no\u010d, torej Kristusovo vstajenje, na podoben datum.<br \/>\nTudi uporaba pisanic sega \u0161e v predkr\u0161\u010danski \u010das.<br \/>\nJajce je simbol rojstva, za\u010detka. Skorajda cel svet pozna simboliko kozmi\u010dnega jajca. Tudi nekateri Slovani poznajo zgodbo, da na za\u010detku ni bilo ni\u010desar, le tema in kaos. Rod je ustvaril le jajce, v katerem je prebival Svarog, ki je kasneje ustvaril nebo, zemljo in ljudi.<br \/>\nV Sloveniji so se neko\u010d na pomladni \u010das obdarovali s pisanicami. \u010ce je fant dekletu prinesel rde\u010do pisanico, ji je tako izrazil svojo ljubezen.<br \/>\nPisanice so okra\u0161ene s starodavnimi simboli, kjer pri nas prevladujeta romb in osemkraka zvezda. Romb je simbol \u017eenske plodnosti in zdravja, osemkraka zvezda je povezana z nadaljevanjem rodu, z \u017eensko energijo, plodnostjo in premo\u010djo svetlobe nad temo.<\/p>\n<p>\u010ceprav se astronomska pomlad za\u010dne \u017ee ob enakono\u010dju, pa je za na\u0161e prednike resni\u010dna pomlad pri\u0161la \u0161ele v malem travnu, ko se dejansko za\u010dnejo dela zunaj in ko pride \u017eivina na prosto pa\u0161o. Zveza med Jurijem in Maro prina\u0161a zemlji blagostanje. Da se je boginja pripravljena z njim poro\u010diti, mu to poka\u017ee s podarjenim jabolkom.<\/p>\n<p>Ob jurjevanju poznamo obi\u010daj, ko se Jurij bori z Raboljem, ki simboli\u010dno predstavlja zimo. Poznamo tudi rek, da \u201eJurij volkovom gobce zave\u017ee\u201c. To pomeni, da se t.i. vloga \u201egospodarja volkov\u201c zamenja in preide z Velesa na Jarnika. Po vstajenju Jarila se Veles zopet vrne v podzemlje.<br \/>\nKra\u0161ka posebnost je Dajbogec, ki nosi funkcijo obujanja narave. Njemu v \u010dast so prirejali obredja s krogom, razdeljenim na \u0161tiri dele, dekleta pa so pela tradicionalno pesem.<\/p>\n<p>S plesom, petjem in odevanjem v zelenje v obredju, po tradiciji prika\u017eemo \u010dast ponovni obuditvi vegetativne sile.<br \/>\n\u010ce se resni\u010dno pove\u017eemo s silo Jarila\/Jarnika, nam lahko pomaga pri vzpostavitvi poti do razli\u010dnih ciljev, osebnih, poslovnih. Za\u010detni zagon, entuziazem, mo\u010d pri prvih korakih je tisto, kar nujno potrebujemo tekom celotnega \u017eivljenja. \u0160e posebno dandana\u0161nji tempo zahteva stalno prilagajanje, spremembe, vedno nova u\u010denja in spremembe poti.<\/p>\n<p>Klju\u010dna barva Jarnika je seveda zelena. V ezoteriki velja za barvo zdravja, obnove, krepi zadovoljstvo in toleranco. V barvnih terapijah se jo uporablja za uravnavanje sr\u010dnega ritma (pa tudi \u010dirov in ledvic), saj je tudi sr\u010dna \u010dakra zelene barve. Ta \u010dakra je povezana z dojemanjem ljubezni in sveta okoli nas. \u010cas pomladi in zaroke med mladostnima aspektoma boga in boginje je pre\u017eet z nedol\u017eno, \u010disto ljubeznijo. Prav tako zelena barva simbolizira blagostanje, rodnost, pomladitev, upanje in nesmrtnost.<\/p>\n<p><a href=\"http:\/\/veles.si\/wp-content\/uploads\/18055820_704447056406346_6768378791537472839_o.jpg\"><img decoding=\"async\" loading=\"lazy\" class=\"alignnone size-large wp-image-829\" alt=\"18055820_704447056406346_6768378791537472839_o\" src=\"http:\/\/veles.si\/wp-content\/uploads\/18055820_704447056406346_6768378791537472839_o-1024x678.jpg\" width=\"600\" height=\"397\" srcset=\"http:\/\/veles.si\/wp-content\/uploads\/18055820_704447056406346_6768378791537472839_o-1024x678.jpg 1024w, http:\/\/veles.si\/wp-content\/uploads\/18055820_704447056406346_6768378791537472839_o-300x198.jpg 300w, http:\/\/veles.si\/wp-content\/uploads\/18055820_704447056406346_6768378791537472839_o-600x397.jpg 600w, http:\/\/veles.si\/wp-content\/uploads\/18055820_704447056406346_6768378791537472839_o.jpg 1232w\" sizes=\"(max-width: 600px) 100vw, 600px\" \/><\/a><\/p>\n<p><a href=\"http:\/\/veles.si\/wp-content\/uploads\/18121319_704447676406284_5214477635040976484_o.jpg\"><img decoding=\"async\" loading=\"lazy\" class=\"alignnone size-large wp-image-830\" alt=\"18121319_704447676406284_5214477635040976484_o\" src=\"http:\/\/veles.si\/wp-content\/uploads\/18121319_704447676406284_5214477635040976484_o-1024x680.jpg\" width=\"600\" height=\"398\" srcset=\"http:\/\/veles.si\/wp-content\/uploads\/18121319_704447676406284_5214477635040976484_o-1024x680.jpg 1024w, http:\/\/veles.si\/wp-content\/uploads\/18121319_704447676406284_5214477635040976484_o-300x199.jpg 300w, http:\/\/veles.si\/wp-content\/uploads\/18121319_704447676406284_5214477635040976484_o-600x398.jpg 600w, http:\/\/veles.si\/wp-content\/uploads\/18121319_704447676406284_5214477635040976484_o.jpg 1050w\" sizes=\"(max-width: 600px) 100vw, 600px\" \/><\/a>slike s staroverskega obreda v Ljubljani 2017<\/p>\n<p><a href=\"http:\/\/veles.si\/wp-content\/uploads\/jarilovox.jpg\"><img decoding=\"async\" loading=\"lazy\" class=\"alignnone size-large wp-image-1074\" alt=\"jarilovox\" src=\"http:\/\/veles.si\/wp-content\/uploads\/jarilovox-1024x723.jpg\" width=\"600\" height=\"423\" srcset=\"http:\/\/veles.si\/wp-content\/uploads\/jarilovox-1024x723.jpg 1024w, http:\/\/veles.si\/wp-content\/uploads\/jarilovox-300x212.jpg 300w, http:\/\/veles.si\/wp-content\/uploads\/jarilovox-600x424.jpg 600w, http:\/\/veles.si\/wp-content\/uploads\/jarilovox.jpg 2000w\" sizes=\"(max-width: 600px) 100vw, 600px\" \/><\/a><\/p>\n<p>&nbsp;<\/p>\n","protected":false},"excerpt":{"rendered":"<p>Sve\u017eina, novi za\u010detki, ponovna akcija, zagon, \u017evrgolenje ptic, \u017eivina na pa\u0161i, aktivni, ustvarjalni pri\u010detek dela na poljih, zelenje, ljubezen, veselje, zdravje, optimizem. Premo\u010d svetlobe nad temo. Vse to obele\u017euje Jarila oz. Jarnika, pomladnega boga, ki vstaja iz podzemlja. V novi preobleki ga pri nas poznamo kot Zelenega Jurija. Njegov koren \u201ejar\u201c nakazuje na sve\u017eo, potentno [&hellip;]<\/p>\n","protected":false},"author":1,"featured_media":0,"parent":0,"menu_order":0,"comment_status":"closed","ping_status":"closed","template":"","meta":[],"_links":{"self":[{"href":"http:\/\/veles.si\/index.php?rest_route=\/wp\/v2\/pages\/828"}],"collection":[{"href":"http:\/\/veles.si\/index.php?rest_route=\/wp\/v2\/pages"}],"about":[{"href":"http:\/\/veles.si\/index.php?rest_route=\/wp\/v2\/types\/page"}],"author":[{"embeddable":true,"href":"http:\/\/veles.si\/index.php?rest_route=\/wp\/v2\/users\/1"}],"replies":[{"embeddable":true,"href":"http:\/\/veles.si\/index.php?rest_route=%2Fwp%2Fv2%2Fcomments&post=828"}],"version-history":[{"count":2,"href":"http:\/\/veles.si\/index.php?rest_route=\/wp\/v2\/pages\/828\/revisions"}],"predecessor-version":[{"id":1075,"href":"http:\/\/veles.si\/index.php?rest_route=\/wp\/v2\/pages\/828\/revisions\/1075"}],"wp:attachment":[{"href":"http:\/\/veles.si\/index.php?rest_route=%2Fwp%2Fv2%2Fmedia&parent=828"}],"curies":[{"name":"wp","href":"https:\/\/api.w.org\/{rel}","templated":true}]}}