{"id":834,"date":"2017-10-18T14:11:17","date_gmt":"2017-10-18T12:11:17","guid":{"rendered":"http:\/\/veles.si\/?page_id=834"},"modified":"2017-10-19T16:48:02","modified_gmt":"2017-10-19T14:48:02","slug":"roznikjunij-in-poletno-kresovanje-sveta-poroka","status":"publish","type":"page","link":"http:\/\/veles.si\/?page_id=834","title":{"rendered":"Ro\u017enik\/junij in poletno kresovanje, sveta poroka"},"content":{"rendered":"<p>Najve\u010dja mo\u010d sonca. Toplina, ljubezen, strast, povezanost \u010dlove\u0161kih du\u0161, predanost. Vonj po zdravilnih zeli\u0161\u010dih na prostranih travnikih, cvetice, vrtovi, ki rojevajo pridelke. \u017divljenjska energija v polnem pogonu. Razlegajo\u010da se neprekinjena tradicionalna pesem deklet v belem. Pri\u010dakovanje. Magija.<br \/>\nVse to zaznamuje prazni\u010dni \u010das poletnega kresovanja, ki je za nas, staroverce, najve\u010dji praznik v letu. Prav takrat se ponavadi nabere tudi najve\u010d ljudi za ta namen; posameznikov, parov, dru\u017ein. Toplo vreme omogo\u010da, da nismo skupaj le za \u010das obreda ob ognju, ampak na\u0161e dru\u017eenje raz\u0161irimo na cel dan. U\u017eivamo v dru\u017ebi drug drugega ter se povezujemo tudi preko samih priprav na \u010das pri\u017eiga kresa v pri\u010dakovanju svete, bo\u017eanske poroke.<\/p>\n<p>Na svoji poti skozi leto son\u010dno bo\u017eanstvo dose\u017ee najvi\u0161jo stopnjo, ko postane dan najdalj\u0161i. In na to najkraj\u0161o no\u010d v letu stara vera praznuje tudi sveto poroko med Jarilom in Maro, ko boga v poletju spoznamo kot Kresnika. Obredja vklju\u010dujejo tako ogenj kot vodo, kar je simbol bo\u017eje zdru\u017eitve, neba in zemlje.<br \/>\nKresovanje je praznik ljubezni. Na\u0161i predniki so posnemali bogove, zato so se tudi sami poro\u010dali na kresno no\u010d in takrat spo\u010denjali otroke. Otroci so se tako rojevali spomladi in imeli zato tudi ve\u010djo mo\u017enost pre\u017eivetja. Ljudsko izro\u010dilo pravi, da je kresna no\u010d magi\u010dna in da imajo takrat nabrane zdravilne rastline \u0161e posebno mo\u010d.<\/p>\n<p>Preden pa je v ospredje pri\u0161el kult sonca, so na\u0161i predniki \u010dastili prvotno bo\u017eanstvo groma in bliska, ki ga v slovanskih de\u017eelah poznamo pod imenom Perun. Vemo, da se je Perun boril s podzemnim Velesom, med drugim, ker mu je vzel sina Jarila in ga vzgajal kot svojega. Motiv boja voj\u0161\u010daka Peruna z zmajem ali ka\u010do (Veles) je pogost motiv v kulturi prednikov. Za Kresnika so zna\u010dilne tudi funkcije, ki bi jih sicer pripisali bogu gromovniku. S svojimi sovra\u017eniki se bori s strelo in se preva\u017ea po nebu. V zgodbah, ki so se nam ohranile do dandanes, ga velikokrat sre\u010dujemo v bojih z zmajem, ka\u010djo kraljico.<\/p>\n<p>Tekom \u010dasa pa so kresniki postali tudi narodni junaki, ki so naredili pomembna in juna\u0161ka dejanja.<br \/>\nPred slabimi silami so varovali ljudi in \u017eivali. Kresnike v \u010dlove\u0161ki podobi zlahka primerjamo s sibirskimi in drugimi \u0161amani. \u0160e posebej ker vemo, da so imeli kresniki sposobnost zapu\u0161\u010danja telesa. Prehod du\u0161e pa je za \u0161amanstvo zna\u010dilen.<br \/>\nNa zahodu na\u0161e de\u017eele so neko\u010d, ob poletnem solsticiju, klicali k bogu Kresu in prosili naj ne kresni v njihovo hi\u0161o s posebno gesto. Zopet zasledimo Kresa kot simbol sonca ob najve\u010dji mo\u010di obenem pa me\u010de na zemljo tudi strele.<br \/>\nKresi Kresniku v \u010dast se danes imenujejo \u0161entjan\u017eevi kresi, Kresnikovo vlogo pa je v kr\u0161\u010danstvu prevzel Janez (Ivan) Krstnik, od koder tudi ime Ivanje. Zato v ljudskih pesmih dandanes sre\u010damo ime Ivo, ki skriva prvotno, predkr\u0161\u010dansko bo\u017eanstvo. \u010ceravno je solsticij obi\u010dajno 21. junija, pa je tradicionalno kresovanje v ljudski zavesti \u017ee od nekdaj 23. junija.<\/p>\n<p>Zdravilne rastline nabiramo okoli polno\u010di, takrat imajo najve\u010djo mo\u010d. \u0160opke in ven\u010dke iz ivanj\u0161\u010dic ter drugih cvetlic obe\u0161amo na okna, vrata, da bi se za\u0161\u010ditili pred slabimi duhovi. Bodo\u010de matere so jih neko\u010d metale v obredni ogenj, da jim bo tovrstno gretje omogo\u010dilo la\u017eji porod.<br \/>\nMed kresnimi rastlinami, poleg praproti, izstopa \u0161e \u0161entjan\u017eevka, za katero velja, da za\u010dne cveteti prav v \u010dasu kresne no\u010di.<\/p>\n<p>Medtem, ko je \u010das mrzlega dela leta, \u010das odprtih svetov, \u010das globjega povezovanja s seboj, pre\u010di\u0161\u010devanja podzavesti, pa se v \u010dasu najkraj\u0161e no\u010di predvsem posvetimo drug drugemu. Je \u010das ljubezni, \u010das utrjevanja medsebojnih vezi. To lahko, po tradiciji, utrjujemo tudi s skokom \u010dez obredni ogenj, ki nam prina\u0161a \u0161e zdravje, plodnost in varovanje \u017eivali.<\/p>\n<p><a href=\"http:\/\/veles.si\/wp-content\/uploads\/kresovanje-final-x.jpg\"><img decoding=\"async\" loading=\"lazy\" class=\"alignnone size-large wp-image-1078\" alt=\"kresovanje final x\" src=\"http:\/\/veles.si\/wp-content\/uploads\/kresovanje-final-x-1024x723.jpg\" width=\"600\" height=\"423\" srcset=\"http:\/\/veles.si\/wp-content\/uploads\/kresovanje-final-x-1024x723.jpg 1024w, http:\/\/veles.si\/wp-content\/uploads\/kresovanje-final-x-300x212.jpg 300w, http:\/\/veles.si\/wp-content\/uploads\/kresovanje-final-x-600x424.jpg 600w, http:\/\/veles.si\/wp-content\/uploads\/kresovanje-final-x.jpg 2000w\" sizes=\"(max-width: 600px) 100vw, 600px\" \/><\/a><\/p>\n","protected":false},"excerpt":{"rendered":"<p>Najve\u010dja mo\u010d sonca. Toplina, ljubezen, strast, povezanost \u010dlove\u0161kih du\u0161, predanost. Vonj po zdravilnih zeli\u0161\u010dih na prostranih travnikih, cvetice, vrtovi, ki rojevajo pridelke. \u017divljenjska energija v polnem pogonu. Razlegajo\u010da se neprekinjena tradicionalna pesem deklet v belem. Pri\u010dakovanje. Magija. Vse to zaznamuje prazni\u010dni \u010das poletnega kresovanja, ki je za nas, staroverce, najve\u010dji praznik v letu. Prav takrat [&hellip;]<\/p>\n","protected":false},"author":1,"featured_media":0,"parent":0,"menu_order":0,"comment_status":"closed","ping_status":"closed","template":"","meta":[],"_links":{"self":[{"href":"http:\/\/veles.si\/index.php?rest_route=\/wp\/v2\/pages\/834"}],"collection":[{"href":"http:\/\/veles.si\/index.php?rest_route=\/wp\/v2\/pages"}],"about":[{"href":"http:\/\/veles.si\/index.php?rest_route=\/wp\/v2\/types\/page"}],"author":[{"embeddable":true,"href":"http:\/\/veles.si\/index.php?rest_route=\/wp\/v2\/users\/1"}],"replies":[{"embeddable":true,"href":"http:\/\/veles.si\/index.php?rest_route=%2Fwp%2Fv2%2Fcomments&post=834"}],"version-history":[{"count":2,"href":"http:\/\/veles.si\/index.php?rest_route=\/wp\/v2\/pages\/834\/revisions"}],"predecessor-version":[{"id":1079,"href":"http:\/\/veles.si\/index.php?rest_route=\/wp\/v2\/pages\/834\/revisions\/1079"}],"wp:attachment":[{"href":"http:\/\/veles.si\/index.php?rest_route=%2Fwp%2Fv2%2Fmedia&parent=834"}],"curies":[{"name":"wp","href":"https:\/\/api.w.org\/{rel}","templated":true}]}}