{"id":845,"date":"2017-10-18T14:17:16","date_gmt":"2017-10-18T12:17:16","guid":{"rendered":"http:\/\/veles.si\/?page_id=845"},"modified":"2017-10-31T20:49:48","modified_gmt":"2017-10-31T18:49:48","slug":"listopadnovember-in-povezovanje-s-predniki","status":"publish","type":"page","link":"http:\/\/veles.si\/?page_id=845","title":{"rendered":"Listopad\/november in povezovanje s predniki"},"content":{"rendered":"<p>Praznik Dedi se ve\u017ee na izro\u010dilo jesenskega \u010dasa, ko sta svetova tostranstva in podzemlja med seboj povezana, odprta.<\/p>\n<p>Medtem ko je topli del leta obele\u017een z fizi\u010dnim delom, potentno energijo, strastjo, je hladnej\u0161i del leta posve\u010den umiritvi in pogledu vase, globokim analizam. Sebe, svojega dela. V ospredju je \u017eenski element vode. Ob zimskem \u010dasu pa so povezani vsi trije svetovi, zato smo zaradi jesenskih raz\u010di\u0161\u010devanj lahko kasneje dele\u017eni mnogih spoznanj in povezovanj z najvi\u0161jimi silami, ki nas vodijo v bolj\u0161e, novo cikli\u010dno leto.<\/p>\n<p>Praznik \u201eDedi\u201c pri nas ni konkretneje izpri\u010dan, kot je to npr. kresovanje ob poletnem solsticiju ali praznik pomladi oz. jurjevanje, ki sta dobro dokumentirana in pre\u017eivela \u0161e v 20. stoletje.<br \/>\nImamo pa drobce izro\u010dil, ki pravijo, da so ljudje pri nas na okna postavljali lu\u010dke\/sve\u010dke, ali pa pred vrata, da bi rajnki na\u0161li pot domov. Ponekod so umrlim pu\u0161\u010dali tudi hrano, pribolj\u0161ke.<\/p>\n<p>Staroverci se na letne mejnike zberemo in v svoja duhovna obredja vklju\u010dujemo enake elemente, kot so jih \u017ee na\u0161i predniki: od skakanja \u010dez ogenj, pletenja ven\u010dkov, pripro\u0161nje, zahvale, obredni kruh in zelo pomembno \u2013 ljudske obredne pesmi.<br \/>\nPraznik dedov je pri nas vezan na individualne prakse in spomine, ko pri\u017egemo sve\u010dke na okno v spomin na prednike tako o\u017eje dru\u017eine kot prednike na\u0161ega naroda. Plameni simboli\u010dno ponazarjajo njihove du\u0161e, po izro\u010dilu naj bi se prav v tem \u010dasu vrnili v ta svet in obiskali doma\u010de. Pri\u017eig sve\u010dke pomeni tudi tisto lu\u010d, ki jim pomaga najti pravilno pot v onostranstvu, da torej najdejo svoj mir.<\/p>\n<p>Staroverci sicer verjamemo v reinkarnacijo, seveda pa ni nujno, da se reinkarniramo takoj po smrti.<br \/>\nNa zahodu dr\u017eave staroversko izro\u010dilo pravi, da se celo sami odlo\u010dimo, v kaj se bomo rodili v naslednjem \u017eivljenju.<\/p>\n<p>Ponekod po Evropi so izrezovali repo in vanjo vstavljali sve\u010dko. Zanimivo je, da je repa prav pri nas v zahodnem delu Slovenije vklju\u010dena kasneje v zimski obred. Pe\u010deno repo so obredno u\u017eivali, ker o\u010di\u0161\u010duje telo in duha.<br \/>\nPri Poljakih, Belorusih in Litvancih pa je praznik Dedi \u0161e danes aktualen tudi v javnem praznovanju. Po tradiciji so ljudje \u017ee neko\u010d hodili na pokopali\u0161\u010da, s seboj prinesli hrano, se gostili skupaj s preminulimi. Spominjali so se jih v zgodbah, ne samo kaj dobrega so storili v \u010dasu svojega bivanja na zemlji, marve\u010d tudi \u010desa niso uspeli dokon\u010dati. Ta praznik ponekod praznujejo \u0161e v zrcalnem delu leta na pomlad in je poznan kot \u201eRodonica\u201c. Ime izhaja iz korena \u201erod\u201c, ki se seveda navezuje na prednike, dru\u017eino in isto\u010dasno najbolj staro ustvarjalno silo\/bo\u017eanstvo Rod, ki nikoli ni bila personificirana.<\/p>\n<p>Vedeti moramo, da staroverje, torej lastna etni\u010dna religija naroda, ni homogena celota kot so to monoteisti\u010dne religije s svojimi<br \/>\ndogmati\u010dnimi pravili. Vezana je na \u010da\u0161\u010denje narave, ki pa je povsod malce druga\u010dna, zato prihaja do mnogoterih lokalnih razlik, \u010deravno nas vse dru\u017ei podobna baza, ki temelji na duhovnem principu Trigava \/Tro\u010dana.<br \/>\nNa Krasu npr. v jesenskem \u010dasu dejansko poznajo obi\u010daj izrezovanja bu\u010d, ki je vezan \u0161e na predkr\u0161\u010danski \u010das.<\/p>\n<p>\u010cas odprtih svetov, umiritve in globje povezave s predniki, tako lastne dru\u017eine kot predniki naroda, nam daje mo\u017enost, da smo dovzetnej\u0161i za njihova sporo\u010dila. Pomagajo nam lahko razumeti marsikaj, \u010de le znamo prisluhniti.<br \/>\nIn \u0161e posebno v tem \u010dasu, ko se umirjamo in vedno bolj poglabljamo vase, sku\u0161amo razumeti svojo kompleksno naravo kot \u010clovek, nam prav plameni prednikov in plamen narodnega izro\u010dila lahko osvetli zatemljene del\u010dke na\u0161ega bitja, da se sprejmemo v celoti in delujemo v skladu z vesoljnimi nameni za Najvi\u0161je dobro.<\/p>\n<p><a href=\"http:\/\/veles.si\/wp-content\/uploads\/dedix.jpg\"><img decoding=\"async\" loading=\"lazy\" class=\"alignnone size-large wp-image-1087\" alt=\"dedix\" src=\"http:\/\/veles.si\/wp-content\/uploads\/dedix-1024x723.jpg\" width=\"600\" height=\"423\" srcset=\"http:\/\/veles.si\/wp-content\/uploads\/dedix-1024x723.jpg 1024w, http:\/\/veles.si\/wp-content\/uploads\/dedix-300x212.jpg 300w, http:\/\/veles.si\/wp-content\/uploads\/dedix-600x424.jpg 600w, http:\/\/veles.si\/wp-content\/uploads\/dedix.jpg 2000w\" sizes=\"(max-width: 600px) 100vw, 600px\" \/><\/a><\/p>\n","protected":false},"excerpt":{"rendered":"<p>Praznik Dedi se ve\u017ee na izro\u010dilo jesenskega \u010dasa, ko sta svetova tostranstva in podzemlja med seboj povezana, odprta. Medtem ko je topli del leta obele\u017een z fizi\u010dnim delom, potentno energijo, strastjo, je hladnej\u0161i del leta posve\u010den umiritvi in pogledu vase, globokim analizam. Sebe, svojega dela. V ospredju je \u017eenski element vode. Ob zimskem \u010dasu pa [&hellip;]<\/p>\n","protected":false},"author":1,"featured_media":0,"parent":0,"menu_order":0,"comment_status":"closed","ping_status":"closed","template":"","meta":[],"_links":{"self":[{"href":"http:\/\/veles.si\/index.php?rest_route=\/wp\/v2\/pages\/845"}],"collection":[{"href":"http:\/\/veles.si\/index.php?rest_route=\/wp\/v2\/pages"}],"about":[{"href":"http:\/\/veles.si\/index.php?rest_route=\/wp\/v2\/types\/page"}],"author":[{"embeddable":true,"href":"http:\/\/veles.si\/index.php?rest_route=\/wp\/v2\/users\/1"}],"replies":[{"embeddable":true,"href":"http:\/\/veles.si\/index.php?rest_route=%2Fwp%2Fv2%2Fcomments&post=845"}],"version-history":[{"count":7,"href":"http:\/\/veles.si\/index.php?rest_route=\/wp\/v2\/pages\/845\/revisions"}],"predecessor-version":[{"id":1104,"href":"http:\/\/veles.si\/index.php?rest_route=\/wp\/v2\/pages\/845\/revisions\/1104"}],"wp:attachment":[{"href":"http:\/\/veles.si\/index.php?rest_route=%2Fwp%2Fv2%2Fmedia&parent=845"}],"curies":[{"name":"wp","href":"https:\/\/api.w.org\/{rel}","templated":true}]}}