{"id":881,"date":"2017-10-18T17:01:45","date_gmt":"2017-10-18T15:01:45","guid":{"rendered":"http:\/\/veles.si\/?page_id=881"},"modified":"2017-10-18T17:01:45","modified_gmt":"2017-10-18T15:01:45","slug":"polkonj","status":"publish","type":"page","link":"http:\/\/veles.si\/?page_id=881","title":{"rendered":"Polkonj"},"content":{"rendered":"<p>Oj svetel, svetel grad stoji,<br \/>\npred gradam so lipe tri,<br \/>\npred gradam so lipe tri.<br \/>\nPod lipam zbor \u010dastit sedi,<br \/>\nV sredi svetli gospodar.<br \/>\nRo\u017ei\u010d zvit prime v roke,<br \/>\nin piska, tresejo se gore. \/\u2026\/<br \/>\nDrugi\u010d piska, zaro\u017ei,<br \/>\ndrug slu\u017eabnik tu stoji,<br \/>\n\u00bbKaj se kaj po svet godi,<br \/>\nnam razlo\u017ei sluga ti!\u00ab<\/p>\n<p>\u00bbJaz pridem iz druge de\u017eele,<br \/>\nkjer Polkonji so doma:<br \/>\nZa vojske navajeni,<br \/>\nkot blisk so urni, stra\u0161ni,<br \/>\nPesoglave uganjajo,<br \/>\nki ni\u010d \u010dlove\u0161kega ne vedo.\u00ab \/\u2026\/ 4<\/p>\n<p>&nbsp;<\/p>\n<p>Izro\u010dila o. t.i. kentavrih so pri nas zelo skromna a obstajajo.<br \/>\nV prvi polovici 19. stoletja je Matev\u017e Ravnikar z Gorenjske zapisal pesem, ki je tu navedena.<\/p>\n<p>V pesmi vidimo, da polkonju pripada vojni atribut kar pa je zanimivo, saj jih ima tudi starodavni bog Jarilo, prina\u0161alec pomladi, zelenja in novega rodnega cikla, ki svojo pot za\u010dne na enakono\u010dje z zaprtjem vrat podzemlja, v malem travnu\/aprilu pa dokon\u010dno prinese pomlad, kar je \u0161e dandanes ohranjeno v prastarem obi\u010daju jurjevanja.<br \/>\nSpomladanski \u010das je \u010das novih za\u010detkov, potentne in sve\u017ee energije, kar predstavlja ta prastari vegetacijski bog, deseti brat, ki ga umetniki \u017ee dolgo upodabljajo tudi kot polkonja.<\/p>\n<p>V Bene\u0161ki Sloveniji so kasneje polkonji zavzeli mesto bojevnikov, ki so se borili proti kristjanom.<br \/>\nIz \u0161tajerskega opisa Josipa Pajka pa pa spoznamo polkonje kot gologlava bitja z brado, v zadnjem delu konjska, ki so se borili proti Pesoglavcem.<br \/>\nNa Bledu so na\u0161li pasno sponko z upodobitvijo polkonja iz 8. stoletja. A. Pleterski povezuje polkonja z rojstvom novega sonca ob bo\u017ei\u010dnem kresu. Sv. \u0160tefan namre\u010d razglasi rojstvo Kristusa le dan kasneje, ta svetnik pa je stopil na mesto nekdanjega bo\u017eanstva povezanega s konjem.<br \/>\nNa Dobri Gori pri Bledu so blagoslavljali konje na \u0161tefanovo. Dobra gora v blejskem svetem trikotu oz. T.i. \u00bbtro\u010danu\u00ab (sistem gradnje predkr\u0161\u010danskih sveti\u0161\u010d upo\u0161tevajo\u010d energijske to\u010dke in kot, to\u010dko vrhovnega boga, vodo kot simbol \u017eenske, jamo ali pokopali\u0161\u010de kot simbol podzemne sile) predstavlja to\u010dko \u010da\u0161\u010denja Peruna, boga vojne, pravice, rodovitnosti, upravljalca neba.<\/p>\n<p>Kot dobro vemo pa je konj tudi simbol plodnosti, mo\u0161ki so neko\u010d nosili izvezene srajce s konjskim motivom, da bi pove\u010dali svojo plodnost.<br \/>\nTudi spomladanski Jarilo, v\u010dasih upodobljen kot polkonj, je povezan s plodnostjo, prina\u0161a nov rodni cikel zemlje, obenem pa za\u010dne letno pot skupaj z boginjo Maro, devet mesecev kasneje na zimski solsticij pa se rodi novo Sonce, sin vrhovnega boga stvaritelja, Svaroga.<\/p>\n<p>4 Kropej M., Od Ajda do zlatoroga, Slovenska bajeslovna bitja, 2008, str.163<\/p>\n<p><a href=\"http:\/\/veles.si\/wp-content\/uploads\/polkonj.jpg\"><img decoding=\"async\" loading=\"lazy\" class=\"alignnone size-large wp-image-882\" alt=\"polkonj\" src=\"http:\/\/veles.si\/wp-content\/uploads\/polkonj-1024x724.jpg\" width=\"600\" height=\"424\" srcset=\"http:\/\/veles.si\/wp-content\/uploads\/polkonj-1024x724.jpg 1024w, http:\/\/veles.si\/wp-content\/uploads\/polkonj-300x212.jpg 300w, http:\/\/veles.si\/wp-content\/uploads\/polkonj-600x424.jpg 600w\" sizes=\"(max-width: 600px) 100vw, 600px\" \/><\/a><\/p>\n","protected":false},"excerpt":{"rendered":"<p>Oj svetel, svetel grad stoji, pred gradam so lipe tri, pred gradam so lipe tri. Pod lipam zbor \u010dastit sedi, V sredi svetli gospodar. Ro\u017ei\u010d zvit prime v roke, in piska, tresejo se gore. \/\u2026\/ Drugi\u010d piska, zaro\u017ei, drug slu\u017eabnik tu stoji, \u00bbKaj se kaj po svet godi, nam razlo\u017ei sluga ti!\u00ab \u00bbJaz pridem iz [&hellip;]<\/p>\n","protected":false},"author":1,"featured_media":0,"parent":0,"menu_order":0,"comment_status":"closed","ping_status":"closed","template":"","meta":[],"_links":{"self":[{"href":"http:\/\/veles.si\/index.php?rest_route=\/wp\/v2\/pages\/881"}],"collection":[{"href":"http:\/\/veles.si\/index.php?rest_route=\/wp\/v2\/pages"}],"about":[{"href":"http:\/\/veles.si\/index.php?rest_route=\/wp\/v2\/types\/page"}],"author":[{"embeddable":true,"href":"http:\/\/veles.si\/index.php?rest_route=\/wp\/v2\/users\/1"}],"replies":[{"embeddable":true,"href":"http:\/\/veles.si\/index.php?rest_route=%2Fwp%2Fv2%2Fcomments&post=881"}],"version-history":[{"count":1,"href":"http:\/\/veles.si\/index.php?rest_route=\/wp\/v2\/pages\/881\/revisions"}],"predecessor-version":[{"id":883,"href":"http:\/\/veles.si\/index.php?rest_route=\/wp\/v2\/pages\/881\/revisions\/883"}],"wp:attachment":[{"href":"http:\/\/veles.si\/index.php?rest_route=%2Fwp%2Fv2%2Fmedia&parent=881"}],"curies":[{"name":"wp","href":"https:\/\/api.w.org\/{rel}","templated":true}]}}