{"id":885,"date":"2017-10-18T17:04:52","date_gmt":"2017-10-18T15:04:52","guid":{"rendered":"http:\/\/veles.si\/?page_id=885"},"modified":"2021-11-23T14:50:28","modified_gmt":"2021-11-23T12:50:28","slug":"catez","status":"publish","type":"page","link":"http:\/\/veles.si\/?page_id=885","title":{"rendered":"\u010cate\u017e"},"content":{"rendered":"<p>V duhovnem izro\u010dilu prednikov je najbolj zna\u010dilno ravno to, da so sile narave, ki so skozi \u010das dobivale tak\u0161ne in druga\u010dne fizi\u010dne obleke, v glavnem vedno posedovale tako dobro kot slabo, \u010deravno morda pri nekaterih bolj prevlada ena ali druga stran.<br \/>\nTak\u0161na je Narava \u2013 \u017eivljenje daje a ga tudi vzame in \u017eivljenje staroverci sprejemamo kakr\u0161no je, brez dualizma \u010drno\/belo, dobro\/slabo, svetlo\/temno, bog\/hudi\u010d.<\/p>\n<p>Ko pa je nova vera, iz druga\u010dnega okolja, nasledila prvotna verovanja, so najve\u010dkrat dolo\u010dena mitolo\u0161ka bitja na\u0161ih prednikov dobila negativen prizvok zaradi svojih lastnosti ali fizi\u010dnega izgleda. Obi\u010dajno je bila podoba prvotnih zemeljskih oz. podzemeljskih bitij z rogovi kot so zmaji ali ka\u010de povezana s hudi\u010dem.<br \/>\nTako je tudi \u010cate\u017e dobival vlogo zlodeja celo v samem pregovoru kakor tudi podzemni bog Veles, bog modrosti, \u010duvaj preminulih v onostranstvu, za\u0161\u010ditnik \u017eivali, umetnosti, ki kraljuje v zimskem \u010dasu. Ostanek njegovega kulta pa zaznamo npr. v miklav\u017eevanju, koledovanju in drugih obredjih, kjer so prisotne maske, te ponazarjajo du\u0161e prednikov.<\/p>\n<p>Sicer pa so na\u0161i pradedje pravili, da je \u010date\u017e pol \u010dlovek pol kozel po izgledu, v\u010dasih so podobni gozdnim demonom Le\u0161ijem, v\u010dasih so starikavi \u2026 ker se ve, da so bili \u010date\u017ei tudi veseljaki in se radi opijanili, lahko potegnemo paralelo z gr\u0161kimi pani. V\u010dasih so dobri in gozdnim delavcem prina\u0161ajo hrano in i\u0161\u010dejo vodo, v\u010dasih pa radi nagajajo popotnikom.<\/p>\n<p>O njih so neko\u010d pisali takole:<\/p>\n<p>\u00bb\u010cate\u017ea, ki je pol \u010dlovek, pol kozla, poznajo tudi Slovenci v So\u0161ki dolini, Ajdov\u0161\u010dini, Buzetu ter ob \u010cepi\u010dkem jezeru. Ima rogove, dolga u\u0161esa in brado. Svojo postavo more spreminjati kakor ho\u010de: v travi \u010desto ni ve\u010dji kakor bilka, v gozdu pa mogo\u010de \u0161e drevo preka\u0161a po velikosti. Pred ljudmi se skriva za debli; kdor je imel priliko z njim govoriti, je mogel spoznati, da je njegova pamet preprosta, da pa je zavraten. \u010cesto pla\u0161i popotnike in drvarje, opona\u0161a znane glasove in vodi ljudi tako dolgo po krivih potih, da zapade no\u010d. Nato jih zvabi v svojo votlino in jih tako dolgo \u0161\u010degeta, da poginejo. Poka\u017ee se \u010desto vrh pe\u010din ali pa na mo\u010dvirnih tleh, kjer preiskuje izvire; na mestih, kjer si je dal \u010cate\u017e opravka, so ljudje \u017ee ve\u010dkrat odkrili izvirke z dobro pitno vodo. Zgodi se celo, da obdaruje pastirje s \u0161ibami. Ako pa ga kdo razdra\u017ei, se ma\u0161\u010duje s tem, da potaka navzdol po hribih kamenje, ki podsipa kme\u010dke hrame.<\/p>\n<p>\u010cate\u017e je pol \u010dlovek, pol kozel- sam peklenski hudi\u010d. Kozel je doli od popka. Zato mi prosti ljudje pravimo: \u00bbIdi h kozlu!\u00ab to je k Hudi\u010du. Ni tako majhen kot \u0160krateljc, bolj srednje postave je in staroli\u010den. Ljudje ga v\u010dasih vidijo kako sedi na visokih pe\u010dinah in se greje na soncu. Drvarjem prina\u0161a, \u010de so \u017eejni, mrzle , \u010diste vode, planinskim pastirjem nabira jagod in malinic. Posmehovati pa se mu ne sme\u0161. Ako mu ka\u017ee\u0161 roge, za\u010dne kotaliti silne pe\u010dine, da se podero hrami, stoje\u010di pod goro.\u00ab 5<\/p>\n<p>5 Kelemina J., Bajke in pripovedke slovenskega ljudstva,1997, str.145<\/p>\n<p><a href=\"http:\/\/veles.si\/wp-content\/uploads\/\u010cate\u017e-half-goatman.jpg\"><img decoding=\"async\" loading=\"lazy\" class=\"alignnone size-large wp-image-886\" alt=\"\u010cate\u017e - half goatman\" src=\"http:\/\/veles.si\/wp-content\/uploads\/\u010cate\u017e-half-goatman-1024x724.jpg\" width=\"600\" height=\"424\" srcset=\"http:\/\/veles.si\/wp-content\/uploads\/\u010cate\u017e-half-goatman-1024x724.jpg 1024w, http:\/\/veles.si\/wp-content\/uploads\/\u010cate\u017e-half-goatman-300x212.jpg 300w, http:\/\/veles.si\/wp-content\/uploads\/\u010cate\u017e-half-goatman-600x424.jpg 600w\" sizes=\"(max-width: 600px) 100vw, 600px\" \/><\/a><\/p>\n","protected":false},"excerpt":{"rendered":"<p>V duhovnem izro\u010dilu prednikov je najbolj zna\u010dilno ravno to, da so sile narave, ki so skozi \u010das dobivale tak\u0161ne in druga\u010dne fizi\u010dne obleke, v glavnem vedno posedovale tako dobro kot slabo, \u010deravno morda pri nekaterih bolj prevlada ena ali druga stran. Tak\u0161na je Narava \u2013 \u017eivljenje daje a ga tudi vzame in \u017eivljenje staroverci sprejemamo [&hellip;]<\/p>\n","protected":false},"author":1,"featured_media":0,"parent":0,"menu_order":0,"comment_status":"closed","ping_status":"closed","template":"","meta":[],"_links":{"self":[{"href":"http:\/\/veles.si\/index.php?rest_route=\/wp\/v2\/pages\/885"}],"collection":[{"href":"http:\/\/veles.si\/index.php?rest_route=\/wp\/v2\/pages"}],"about":[{"href":"http:\/\/veles.si\/index.php?rest_route=\/wp\/v2\/types\/page"}],"author":[{"embeddable":true,"href":"http:\/\/veles.si\/index.php?rest_route=\/wp\/v2\/users\/1"}],"replies":[{"embeddable":true,"href":"http:\/\/veles.si\/index.php?rest_route=%2Fwp%2Fv2%2Fcomments&post=885"}],"version-history":[{"count":2,"href":"http:\/\/veles.si\/index.php?rest_route=\/wp\/v2\/pages\/885\/revisions"}],"predecessor-version":[{"id":1648,"href":"http:\/\/veles.si\/index.php?rest_route=\/wp\/v2\/pages\/885\/revisions\/1648"}],"wp:attachment":[{"href":"http:\/\/veles.si\/index.php?rest_route=%2Fwp%2Fv2%2Fmedia&parent=885"}],"curies":[{"name":"wp","href":"https:\/\/api.w.org\/{rel}","templated":true}]}}