{"id":969,"date":"2017-10-18T18:08:17","date_gmt":"2017-10-18T16:08:17","guid":{"rendered":"http:\/\/veles.si\/?page_id=969"},"modified":"2017-10-18T18:14:45","modified_gmt":"2017-10-18T16:14:45","slug":"jarilo-in-izlet-na-svete-gore-nad-sotlo-jurijeva-kapela","status":"publish","type":"page","link":"http:\/\/veles.si\/?page_id=969","title":{"rendered":"Jarilo in izlet na Svete gore nad Sotlo-Jurijeva kapela"},"content":{"rendered":"<p>Jarilo je Perunov sin, ki ga Veles odpelje v svoje podzemlje. Je bog rodnosti, prina\u0161alec pomladi, ki vsako pomlad prihaja na povr\u0161je. Njegovo ime izhaja iz korena \u00bbjar\u00ab, kar v arhai\u010dnem jeziku pomeni novo rast, sve\u017eo energijo, tudi vzkipljivost. Jurij je simbol son\u010dne mo\u010di, ki zemljo prebudi. Umetniki iz slovanskih de\u017eel ga velikokrat uprizarjamo kot pol \u010dloveka pol konja ker ponekod jurjeve pesmi govorijo, da obenem jezdi in hodi.<br \/>\nJurjevanje, prihod Jarila, so po celotni Sloveniji praznovali druga\u010de. Skupno je bilo kurjenje kresov, skakanje \u010dez ogenj, petje, rajanje, veselje, da je pri\u0161lo novo rodno leto, skupna je simbolika boja med podzemljem in Jarilom. V Prekmurju npr. se Zeleni Jurij ali Vesnik (odet v br\u0161ljan) bori z Raboljem, ki predstavlja podzemsko bo\u017eanstvo, laufarji iz Cerknice pa ravno tako predstavljajo zimo, ki jo Jurij premaga. Pri nas je poznan star obi\u010daj z juga de\u017eele, da Jarilo\/Zeleni Jurij, prina\u0161a k vsaki hi\u0161i rodnost s podarjeno brezovo vejico. S prihodom Jarila se na poljih pri\u010dnejo vsa pomembna dela v navezi s setvijo, ko je zemlja spet plodna. V\u010dasih so jurjevali konec parila, ko so pri\u010deli gnati na pa\u0161o, v baltoslovanskih de\u017eelah so Jarila praznovali 15. aprila, v Belorusiji na 27. aprila.<br \/>\nPodobnosti s kr\u0161\u010danskim praznikom Velike No\u010di niso naklju\u010dne, kjer gre za vstajenje od mrtvih. Na spomlad na\u0161e ljudstvo od nekdaj \u010dasti prihod pomladnega boga iz onostranstva, ki prina\u0161a novo \u017eivljenje in nove mo\u010di.<br \/>\nNa svoji poti iz podzemlja, ki se pri\u010dne na spomladanski ekvinokcij, Jarilo sre\u010da Maro, ponudi mu jabolko, s tem naka\u017ee, da se je voljna poro\u010diti z njim. Na pomlad se zaro\u010dita, na poletje pa poro\u010dita, na solsticij, poleg najve\u010dje mo\u010di sonca, praznujemo tudi njuno poroko.<br \/>\nSpomin na njegove vojne karakteristike prepoznamo v voja\u0161kem vzkliku: \u201cna juri\u0161\u201d pred bitko, iz \u010desar spet izpeljemo njegovo ime. Primarno je Jarilo agrarni bog, prina\u0161alec pomladi in rodovitnosti, vojne lastnosti pa so tudi njegova t.i. genska dedi\u0161\u010dina, saj je sin gromovnika Peruna, ki je bog pravice in za\u0161\u010ditnik vojakov, h kateremu so klicali pred bitko.<\/p>\n<p>Na Krasu pa so zgodaj spomladi klicali k Dajbogu, Dajbogecu, ki je sicer poznan tudi po drugih slovanskih de\u017eelah kot sin Svaroga in bog sonca. Na\u0161i kra\u0161ki predniki so mu v obredju peli pesem, ki se je ohranila v dodelani obliki \u0161e do dandanes.<\/p>\n<p>Vabimo vas na izlet na vzhodni del dr\u017eave ob reko Sotlo. Svete Gore nad Sotlo se nahajajo v Bistrici ob Sotli na hribu, kamor se lahko z avtom odpeljete do gosti\u0161\u010da, potem pa vas zelo strma pe\u0161pot vodi do cerkve in kapelic na vrhu, kamor pridete le po nekaj minutah. Na vrhu stoji kar pet cerkva oz. kapel, Marijina je najve\u010dja. Najstarej\u0161a je kapela Sv. Jurija \u017ee iz predvidoma 9. stoletja. Na\u0161li so \u0161e starej\u0161e temelje, ki jih postavljajo v 5. ali 6. stoletje.<br \/>\nMnoge zgodovinarje bega s svojim skriv-nostnim \u010drtastim napisom nad vhodom in vgrajenim reliefom. Eni pravijo, da gre za Janeza Krstnika, drugi pa, da gre za starej\u0161i, vegetacijski kult, ki najbr\u017e nakazuje na enakono\u010dje, saj sta ob njem poln in prazen krog, kvadrat pod njim iz katerega se dviga pa ponazarja podzemlje, ki ga je zapustil in pri\u0161el ozelenit naravo. Obi\u010dajna praksa je tudi bila, da so na mestih staroverskih hramov nato postavljali kr\u0161\u010danske cerkve. Zaenkrat pa ostaja le pri teoriji, vsekakor pa nosi mo\u010dan starodaven pridih tudi sama pokrajina, saj se v bli\u017eini nahaja \u0161e Gradi\u0161\u010de (gradi\u0161\u010da se imenujejo neko\u010d \u017eeleznodobna utrjena mesta), reka Sotla in kraj \u00bbTreb\u010de\u00ab (kraje s tovrstnimi in podobnimi imeni raziskovalci razlagajo kor svete kraje obredij in daritev).<\/p>\n<p>\u010ce vas navdu\u0161ujejo gradovi, si lahko ogledate tudi grad Podsreda v neposredni bli\u017eini. \u010ce pa vas \u010das ne preganja, vas vljudno vabimo naprej v smeri Novega Mesta in toplo priporo\u010damo ogled gradu Struga v bli\u017eini Oto\u010dca. Do tja boste potrebovali slabo urico vo\u017enje. Struga je edini tovrstni \u017divi Muzej pri nas, kjer va\u0161o skupino pri\u010daka grajska gospa Eleonora v srednjeve\u0161kih obla\u010dilih skupaj z drugimi prebivalci gradu. Skozi razli\u010dne zgodovinske sobe vas popelje skozi na\u0161o slovensko zgodovino na zelo zabaven in pou\u010den na\u010din, vse skupaj za\u010dinjeno s podrobnostmi vsakdanjika. V zadnji sobi pa vas \u010daka poslastica \u2013 kratka predstavitev na\u0161e stare vere in \u0161eg na\u0161ih prednikov.<\/p>\n<p><a href=\"http:\/\/veles.si\/wp-content\/uploads\/JARILO-illustation.jpg\"><img decoding=\"async\" loading=\"lazy\" class=\"alignnone size-large wp-image-970\" alt=\"JARILO illustation\" src=\"http:\/\/veles.si\/wp-content\/uploads\/JARILO-illustation-753x1024.jpg\" width=\"600\" height=\"815\" srcset=\"http:\/\/veles.si\/wp-content\/uploads\/JARILO-illustation-753x1024.jpg 753w, http:\/\/veles.si\/wp-content\/uploads\/JARILO-illustation-220x300.jpg 220w, http:\/\/veles.si\/wp-content\/uploads\/JARILO-illustation-600x815.jpg 600w\" sizes=\"(max-width: 600px) 100vw, 600px\" \/><\/a><\/p>\n<p><a href=\"http:\/\/veles.si\/wp-content\/uploads\/savinjska-010_.jpg\"><img decoding=\"async\" loading=\"lazy\" class=\"alignnone size-large wp-image-971\" alt=\"savinjska 010_\" src=\"http:\/\/veles.si\/wp-content\/uploads\/savinjska-010_-1024x680.jpg\" width=\"600\" height=\"398\" srcset=\"http:\/\/veles.si\/wp-content\/uploads\/savinjska-010_-1024x680.jpg 1024w, http:\/\/veles.si\/wp-content\/uploads\/savinjska-010_-300x199.jpg 300w, http:\/\/veles.si\/wp-content\/uploads\/savinjska-010_-600x398.jpg 600w\" sizes=\"(max-width: 600px) 100vw, 600px\" \/><\/a><\/p>\n<p><a href=\"http:\/\/veles.si\/wp-content\/uploads\/savinjska-015.jpg\"><img decoding=\"async\" loading=\"lazy\" class=\"alignnone size-large wp-image-972\" alt=\"savinjska 015\" src=\"http:\/\/veles.si\/wp-content\/uploads\/savinjska-015-1024x680.jpg\" width=\"600\" height=\"398\" srcset=\"http:\/\/veles.si\/wp-content\/uploads\/savinjska-015-1024x680.jpg 1024w, http:\/\/veles.si\/wp-content\/uploads\/savinjska-015-300x199.jpg 300w, http:\/\/veles.si\/wp-content\/uploads\/savinjska-015-600x398.jpg 600w\" sizes=\"(max-width: 600px) 100vw, 600px\" \/><\/a><\/p>\n<p><a href=\"http:\/\/veles.si\/wp-content\/uploads\/savinjska-021.jpg\"><img decoding=\"async\" loading=\"lazy\" class=\"alignnone size-large wp-image-973\" alt=\"savinjska 021\" src=\"http:\/\/veles.si\/wp-content\/uploads\/savinjska-021-680x1024.jpg\" width=\"600\" height=\"903\" srcset=\"http:\/\/veles.si\/wp-content\/uploads\/savinjska-021-680x1024.jpg 680w, http:\/\/veles.si\/wp-content\/uploads\/savinjska-021-199x300.jpg 199w, http:\/\/veles.si\/wp-content\/uploads\/savinjska-021-600x903.jpg 600w\" sizes=\"(max-width: 600px) 100vw, 600px\" \/><\/a><\/p>\n<p><a href=\"http:\/\/veles.si\/wp-content\/uploads\/savinjska-025.jpg\"><img decoding=\"async\" loading=\"lazy\" class=\"alignnone size-large wp-image-974\" alt=\"savinjska 025\" src=\"http:\/\/veles.si\/wp-content\/uploads\/savinjska-025-1024x680.jpg\" width=\"600\" height=\"398\" srcset=\"http:\/\/veles.si\/wp-content\/uploads\/savinjska-025-1024x680.jpg 1024w, http:\/\/veles.si\/wp-content\/uploads\/savinjska-025-300x199.jpg 300w, http:\/\/veles.si\/wp-content\/uploads\/savinjska-025-600x398.jpg 600w\" sizes=\"(max-width: 600px) 100vw, 600px\" \/><\/a>Svete gore nad Sotlo. Foto: Irena Urankar<\/p>\n<p>&nbsp;<\/p>\n","protected":false},"excerpt":{"rendered":"<p>Jarilo je Perunov sin, ki ga Veles odpelje v svoje podzemlje. Je bog rodnosti, prina\u0161alec pomladi, ki vsako pomlad prihaja na povr\u0161je. Njegovo ime izhaja iz korena \u00bbjar\u00ab, kar v arhai\u010dnem jeziku pomeni novo rast, sve\u017eo energijo, tudi vzkipljivost. Jurij je simbol son\u010dne mo\u010di, ki zemljo prebudi. Umetniki iz slovanskih de\u017eel ga velikokrat uprizarjamo kot [&hellip;]<\/p>\n","protected":false},"author":1,"featured_media":0,"parent":0,"menu_order":0,"comment_status":"closed","ping_status":"closed","template":"","meta":[],"_links":{"self":[{"href":"http:\/\/veles.si\/index.php?rest_route=\/wp\/v2\/pages\/969"}],"collection":[{"href":"http:\/\/veles.si\/index.php?rest_route=\/wp\/v2\/pages"}],"about":[{"href":"http:\/\/veles.si\/index.php?rest_route=\/wp\/v2\/types\/page"}],"author":[{"embeddable":true,"href":"http:\/\/veles.si\/index.php?rest_route=\/wp\/v2\/users\/1"}],"replies":[{"embeddable":true,"href":"http:\/\/veles.si\/index.php?rest_route=%2Fwp%2Fv2%2Fcomments&post=969"}],"version-history":[{"count":1,"href":"http:\/\/veles.si\/index.php?rest_route=\/wp\/v2\/pages\/969\/revisions"}],"predecessor-version":[{"id":975,"href":"http:\/\/veles.si\/index.php?rest_route=\/wp\/v2\/pages\/969\/revisions\/975"}],"wp:attachment":[{"href":"http:\/\/veles.si\/index.php?rest_route=%2Fwp%2Fv2%2Fmedia&parent=969"}],"curies":[{"name":"wp","href":"https:\/\/api.w.org\/{rel}","templated":true}]}}