{"id":1258,"date":"2019-03-03T10:21:27","date_gmt":"2019-03-03T08:21:27","guid":{"rendered":"http:\/\/veles.si\/?page_id=1258"},"modified":"2021-06-30T13:47:18","modified_gmt":"2021-06-30T11:47:18","slug":"clanki","status":"publish","type":"page","link":"https:\/\/veles.si\/?page_id=1258","title":{"rendered":"\u010dlanki"},"content":{"rendered":"<p><em>&#8220;Pri kopiranju vsebin oz. deljenju \u010dlankov vas napro\u0161am, da navedete avtorstvo ali v svoj prispevek dodate link do strani www.veles.si. Vsi zapisi so plod mnogoletnega intenzivnega dela, grafike pa avtorska umetni\u0161ka dela od l. 2008 dalje. Hvala.<br \/>\nIrena Petri\u010d, roj. Urankar&#8221;<\/em><\/p>\n<p><a href=\"http:\/\/veles.si\/wp-content\/uploads\/18055820_704447056406346_6768378791537472839_o1.jpg\"><img decoding=\"async\" loading=\"lazy\" alt=\"18055820_704447056406346_6768378791537472839_o\" src=\"http:\/\/veles.si\/wp-content\/uploads\/18055820_704447056406346_6768378791537472839_o1-1024x678.jpg\" width=\"600\" height=\"397\" \/><\/a><\/p>\n<p><a title=\"Iskanje mo\u017ea \/ Ro\u017enik\" href=\"http:\/\/veles.si\/?page_id=1560\" target=\"_blank\">Iskanje mo\u017ea<\/a><\/p>\n<p><a title=\"Varuhinja stare vere o delovanju \u017eupe Veles\" href=\"http:\/\/veles.si\/?page_id=812\" target=\"_blank\">Varuhinja stare vere\u00a0<\/a><\/p>\n<p><a title=\"Na\u010dela starovercev\" href=\"http:\/\/veles.si\/?page_id=817\" target=\"_blank\">Na\u010dela in vrednote starovercev<\/a><\/p>\n<p><a title=\"Iniciacija v rodnoverju\" href=\"http:\/\/veles.si\/?page_id=1300\" target=\"_blank\">Iniciacija v rodnoverju<\/a><\/p>\n<p><a title=\"Razmi\u0161ljanja ob Moraninem \u010dasu ob na\u0161em obredu v jeseni 2017\" href=\"http:\/\/veles.si\/?page_id=852\">Razmi\u0161ljanja v Moraninem \u010dasu ob na\u0161em obredu v jeseni 2017<\/a><\/p>\n<p><a title=\"Pustovanje na slovenskem\" href=\"http:\/\/veles.si\/?page_id=453\">PUSTovanje na slovenskem<\/a><\/p>\n<p><a href=\"http:\/\/staroverci.si\/kruh-je-narodova-samosvoja-kultura\/\" target=\"_blank\">Kruh je narodova samosvoja kultura<\/a><\/p>\n<p><a title=\"Nose\u010dnost in rojstvo \u2013 drobci staroverskih izro\u010dil\" href=\"http:\/\/veles.si\/?page_id=1115\" target=\"_blank\">Nose\u010dnost in rojstvo &#8211; drobci staroverskih izro\u010dil<\/a><\/p>\n<p><a title=\"Jesen: klic po umirjanju\" href=\"http:\/\/veles.si\/?page_id=1370\" target=\"_blank\">Jesen: klic po umirjanju<\/a><\/p>\n<p>Kako staroverec dojema na\u0161e cikli\u010dno leto<\/p>\n<p>Kdo so Jage babe<\/p>\n<p>O letnih \u010dasih, mejnikih in simboliki bogov skozi leto<br \/>\n<em>opomba: \u010dlanki so besedila Mitolo\u0161kega koledarja, avtorskega dela Irene Urankar za leto 2017.<\/em><\/p>\n<p><a title=\"Velesov \u010das in prosinec\/januar\" href=\"http:\/\/veles.si\/?page_id=821\">Velesov \u010das in prosinec\/januar<\/a><\/p>\n<p><a title=\"S(v)e\u010dan\/februar in kurentovanje\" href=\"http:\/\/veles.si\/?page_id=824\" target=\"_blank\">Se\u010dan\/Februar in kurentovanje<\/a><\/p>\n<p><a title=\"Su\u0161ec\/marec in prebujanje Narave\" href=\"http:\/\/veles.si\/?page_id=826\" target=\"_blank\">Su\u0161ec\/marec in prebujanje Narave<\/a><\/p>\n<p><a title=\"Mali traven\/april in Jarilovo\" href=\"http:\/\/veles.si\/?page_id=828\" target=\"_blank\">Mali traven\/april in Jarilovo<\/a><\/p>\n<p><a title=\"Veliki traven\/maj\" href=\"http:\/\/veles.si\/?page_id=832\" target=\"_blank\">Veliki traven\/maj<\/a><\/p>\n<p><a title=\"Ro\u017enik\/junij in poletno kresovanje, sveta poroka\" href=\"http:\/\/veles.si\/?page_id=834\" target=\"_blank\">Ro\u017enik\/junij in poletno kresovanje, sveta poroka<\/a><\/p>\n<p><a title=\"Mali srpan\/julij in Perunov \u010das\" href=\"http:\/\/veles.si\/?page_id=836\" target=\"_blank\">Mali srpan\/julij in Perunov \u010das<\/a><\/p>\n<p><a title=\"Veliki srpan\/avgust, \u010das \u017eetve in \u017dive\" href=\"http:\/\/veles.si\/?page_id=838\" target=\"_blank\">Veliki srpan\/avgust, \u010das \u017eetve in \u017dive<\/a><\/p>\n<p><a title=\"Kimavec\/september, \u010das prehoda\" href=\"http:\/\/veles.si\/?page_id=841\" target=\"_blank\">Kimavec\/september, \u010das prehoda<\/a><\/p>\n<p><a title=\"Vinotok\/oktober, Moko\u0161in \u010das\" href=\"http:\/\/veles.si\/?page_id=843\" target=\"_blank\">Vinotok\/oktober, Moko\u0161in \u010das<\/a><\/p>\n<p><a title=\"Listopad\/november in povezovanje s predniki\" href=\"http:\/\/veles.si\/?page_id=845\" target=\"_blank\">Listopad\/november in povezovanje s predniki<\/a><\/p>\n<p><a title=\"Gruden\/december in rojstvo Bo\u017ei\u010da Svaro\u017ei\u010da\" href=\"http:\/\/veles.si\/?page_id=847\" target=\"_blank\">Gruden\/december in rojstvo Bo\u017ei\u010da Svaro\u017ei\u010da<\/a><\/p>\n<p>Mitolo\u0161ka bitja Slovenije in njihove zgodbe&#8230;<br \/>\n<em>kakor smo jih predstavili v na\u0161em Mitolo\u0161kem koledarju 2016<\/em><\/p>\n<p><a title=\"Moko\u0161ka\" href=\"http:\/\/veles.si\/?page_id=870\" target=\"_blank\">Moko\u0161ka<\/a><\/p>\n<p><a title=\"Vesne\" href=\"http:\/\/veles.si\/?page_id=875\" target=\"_blank\">Vesne<\/a><\/p>\n<p><a title=\"Zora\" href=\"http:\/\/veles.si\/?page_id=878\" target=\"_blank\">Zora<\/a><\/p>\n<p><a title=\"Polkonj\" href=\"http:\/\/veles.si\/?page_id=881\" target=\"_blank\">Polkonj<\/a><\/p>\n<p><a title=\"\u010cate\u017e\" href=\"http:\/\/veles.si\/?page_id=885\" target=\"_blank\">\u010cate\u017e<\/a><\/p>\n<p><a title=\"Kresnik\" href=\"http:\/\/veles.si\/?page_id=888\" target=\"_blank\">Kresnik<\/a><\/p>\n<p><a title=\"Faronika\" href=\"http:\/\/veles.si\/?page_id=891\" target=\"_blank\">Faronika<\/a><\/p>\n<p><a title=\"Hi\u0161ni \u0161krat\/\u0160kratelj\" href=\"http:\/\/veles.si\/?page_id=894\" target=\"_blank\">Hi\u0161ni \u0161krat\/\u0160kratelj<\/a><\/p>\n<p><a title=\"Mora\" href=\"http:\/\/veles.si\/?page_id=897\" target=\"_blank\">Mora<\/a><\/p>\n<p><a title=\"Volkodlak\" href=\"http:\/\/veles.si\/?page_id=797\" target=\"_blank\">Volkodlak<\/a><\/p>\n<p><a title=\"Berkmandeljc\" href=\"http:\/\/veles.si\/?page_id=900\" target=\"_blank\">Berkmandeljc<\/a><\/p>\n<p><a title=\"Sojenice\/Rojenice\" href=\"http:\/\/veles.si\/?page_id=903\" target=\"_blank\">Sojenice\/Rojenice<\/a><\/p>\n<p>Na kratko o bogovih slovanskega sveta in delu na vrtu<br \/>\n<em>kakor smo vam zapisali v na\u0161em Mitolo\u0161kem koledarju za 2015:<\/em><\/p>\n<p><a title=\"Vida in delo na vrtu v prosincu\/januarju\" href=\"http:\/\/veles.si\/?page_id=911\" target=\"_blank\">Vida in delo na vrtu v prosincu\/januarju<\/a><\/p>\n<p><a title=\"Vile\u017e in delo na vrtu v s(v)e\u010danu\/februarju\" href=\"http:\/\/veles.si\/?page_id=914\" target=\"_blank\">Vile\u017e in delo na vrtu v s(v)e\u010danu\/februarju<\/a><\/p>\n<p><a title=\"Mara in delo na vrtu v su\u0161cu\/marcu\" href=\"http:\/\/veles.si\/?page_id=918\" target=\"_blank\">Mara in delo na vrtu v su\u0161cu\/marcu<\/a><\/p>\n<p><a title=\"Da\u017ebog in delo na vrtu v malem travnu\/aprilu\" href=\"http:\/\/veles.si\/?page_id=922\" target=\"_blank\">Da\u017ebog in delo na vrtu v malem travnu\/aprilu<\/a><\/p>\n<p><a title=\"Devana in delo na vrtu v velikem travnu\" href=\"http:\/\/veles.si\/?page_id=925\" target=\"_blank\">Devana in delo na vrtu v velikem travnu<\/a><\/p>\n<p><a title=\"Rod in delo na vrtu v ro\u017eniku\/juniju\" href=\"http:\/\/veles.si\/?page_id=928\" target=\"_blank\">Rod in delo na vrtu v ro\u017eniku\/juniju<\/a><\/p>\n<p><a title=\"Zarje in delo na vrtu v malem srpanu\" href=\"http:\/\/veles.si\/?page_id=931\" target=\"_blank\">Zarje in delo na vrtu v malem srpanu<\/a><\/p>\n<p><a title=\"Porevit in delo na vrtu v velikem srpanu\" href=\"http:\/\/veles.si\/?page_id=934\" target=\"_blank\">Porevit in delo na vrtu v velikem srpanu<\/a><\/p>\n<p><a title=\"Nikrmana in delo na vrtu v kimavcu\/septembru\" href=\"http:\/\/veles.si\/?page_id=937\" target=\"_blank\">Nikrmana in delo na vrtu v kimavcu\/septembru<\/a><\/p>\n<p><a title=\"Pohvist&amp;Podaga in delo na vrtu v vinotoku\" href=\"http:\/\/veles.si\/?page_id=940\" target=\"_blank\">Pohvist&amp;Podaga in delo na vrtu v vinotoku<\/a><\/p>\n<p><a title=\"Laima in delo na vrtu v listopadu\/novembru\" href=\"http:\/\/veles.si\/?page_id=943\" target=\"_blank\">Laima in delo na vrtu v listopadu\/novembru<\/a><\/p>\n<p><a title=\"Veles in vrtnarjenje v grudnu\" href=\"http:\/\/veles.si\/?page_id=946\" target=\"_blank\">Veles in vrtnarjenje v grudnu<\/a><\/p>\n<p>Bogovi slovenskega prostora in ideje za izlete<br \/>\n<em>kakor smo za vas zapisali v na\u0161em Mitolo\u0161kem koledarju 2014<\/em><\/p>\n<p><a title=\"Triglav in izlet v \u0160kocjan pri Turjaku in v Spodnjo Drago\" href=\"http:\/\/veles.si\/?p=952\" target=\"_blank\">Triglav in izlet v \u0160kocjan pri Turjaku in v Spodnjo Drago<\/a><\/p>\n<p><a title=\"Ekorna in izlet po Ljubljani\" href=\"http:\/\/veles.si\/?page_id=960\" target=\"_blank\">Ekorna in izlet po Ljubljani<\/a><\/p>\n<p><a title=\"Kurent in kurentovanje\" href=\"http:\/\/veles.si\/?page_id=966\" target=\"_blank\">Kurent in kurentovanje<\/a><\/p>\n<p><a title=\"Jarilo in izlet na Svete gore nad Sotlo-Jurijeva kapela\" href=\"http:\/\/veles.si\/?page_id=969\" target=\"_blank\">Jarilo in izlet na Svete gore nad Sotlo-Jurijeva kapela<\/a><\/p>\n<p><a title=\"Reitija, \u0160kocjanske jame in Magdalenska Gora\" href=\"http:\/\/veles.si\/?page_id=977\" target=\"_blank\">Reitija, \u0160kocjanske jame in Magdalenska Gora<\/a><\/p>\n<p><a title=\"Kresnik in grad Vurberk\/Ka\u010djak\" href=\"http:\/\/veles.si\/?page_id=981\" target=\"_blank\">Kresnik in grad Vurberk\/Ka\u010djak<\/a><\/p>\n<p><a title=\"Perun in planina U\u010dka z vrhom \u201cPerun\u201d \u2013 Hrva\u0161ka\" href=\"http:\/\/veles.si\/?page_id=994\">Perun in planina U\u010dka z vrhom &#8220;Perun&#8221; &#8211; Hrva\u0161ka<\/a><\/p>\n<p><a title=\"\u017diva in izlet na Bled\" href=\"http:\/\/veles.si\/?page_id=1001\" target=\"_blank\">\u017diva in izlet na Bled<\/a><\/p>\n<p><a title=\"Morana in izlet ob So\u010do\" href=\"http:\/\/veles.si\/?page_id=1007\" target=\"_blank\">Morana in izlet ob So\u010do<\/a><\/p>\n<p><a title=\"Deva in Deva\u010d, izlet v jamo Triglavco na Krasu\" href=\"http:\/\/veles.si\/?page_id=1013\" target=\"_blank\">Deva in Deva\u010d, izlet v jamo Triglavco na Krasu<\/a><\/p>\n<p><a title=\"Belin in izvir reke Timave v Italiji\" href=\"http:\/\/veles.si\/?page_id=1018\" target=\"_blank\">Belin in izvir reke Timave v Italiji<\/a><\/p>\n<p><a title=\"Svaro\u017ei\u010d in ideje za pre\u017eivljanje prostega \u010dasa v zimskih dneh\" href=\"http:\/\/veles.si\/?page_id=1023\" target=\"_blank\">Svaro\u017ei\u010d in ideje za pre\u017eivjanje prostega \u010dasa v zimskih dneh<\/a><\/p>\n<p>Ni\u017eja mitolo\u0161ka bitja slovenskega prostora s kratkimi opisi<br \/>\n<em>kakor smo jih predstavili v na\u0161em koledarju za 2013<\/em><\/p>\n<p><a title=\"Povodni mo\u017e\" href=\"http:\/\/veles.si\/?page_id=1029\" target=\"_blank\">Povodni mo\u017e<\/a><\/p>\n<p><a title=\"Mora\" href=\"http:\/\/veles.si\/?page_id=1032\" target=\"_blank\">Mora<\/a><\/p>\n<p><a title=\"Lesnik\" href=\"http:\/\/veles.si\/?page_id=1035\" target=\"_blank\">Lesnik<\/a><\/p>\n<p><a title=\"Zarika\/Dogana\" href=\"http:\/\/veles.si\/?page_id=1037\" target=\"_blank\">Zarika\/Dogana<\/a><\/p>\n<p><a title=\"Zarika\/Dogana\" href=\"http:\/\/veles.si\/?page_id=1037\" target=\"_blank\">Hostnik<\/a><\/p>\n<p><a title=\"Rusalka\" href=\"http:\/\/veles.si\/?page_id=1043\" target=\"_blank\">Rusalka<\/a><\/p>\n<p><a title=\"Ajdovska deklica\" href=\"http:\/\/veles.si\/?page_id=1046\" target=\"_blank\">Ajdovska deklica<\/a><\/p>\n<p><a title=\"Rojenica\" href=\"http:\/\/veles.si\/?page_id=1049\" target=\"_blank\">Rojenica<\/a><\/p>\n<p><a title=\"\u010cate\u017e\" href=\"http:\/\/veles.si\/?page_id=1053\" target=\"_blank\">\u010cate\u017e<\/a><\/p>\n<p><a title=\"Vetrnik\" href=\"http:\/\/veles.si\/?page_id=1056\" target=\"_blank\">Vetrnik<\/a><\/p>\n<p><a title=\"Krivopeta\" href=\"http:\/\/veles.si\/?page_id=1059\" target=\"_blank\">Krivopeta<\/a><\/p>\n<p><a title=\"Netek\" href=\"http:\/\/veles.si\/?page_id=1062\" target=\"_blank\">Netek<\/a><\/p>\n","protected":false},"excerpt":{"rendered":"<p>&#8220;Pri kopiranju vsebin oz. deljenju \u010dlankov vas napro\u0161am, da navedete avtorstvo ali v svoj prispevek dodate link do strani www.veles.si. Vsi zapisi so plod mnogoletnega intenzivnega dela, grafike pa avtorska umetni\u0161ka dela od l. 2008 dalje. Hvala. Irena Petri\u010d, roj. Urankar&#8221; Iskanje mo\u017ea Varuhinja stare vere\u00a0 Na\u010dela in vrednote starovercev Iniciacija v rodnoverju Razmi\u0161ljanja v [&hellip;]<\/p>\n","protected":false},"author":1,"featured_media":0,"parent":0,"menu_order":0,"comment_status":"closed","ping_status":"closed","template":"","meta":[],"_links":{"self":[{"href":"https:\/\/veles.si\/index.php?rest_route=\/wp\/v2\/pages\/1258"}],"collection":[{"href":"https:\/\/veles.si\/index.php?rest_route=\/wp\/v2\/pages"}],"about":[{"href":"https:\/\/veles.si\/index.php?rest_route=\/wp\/v2\/types\/page"}],"author":[{"embeddable":true,"href":"https:\/\/veles.si\/index.php?rest_route=\/wp\/v2\/users\/1"}],"replies":[{"embeddable":true,"href":"https:\/\/veles.si\/index.php?rest_route=%2Fwp%2Fv2%2Fcomments&post=1258"}],"version-history":[{"count":4,"href":"https:\/\/veles.si\/index.php?rest_route=\/wp\/v2\/pages\/1258\/revisions"}],"predecessor-version":[{"id":1565,"href":"https:\/\/veles.si\/index.php?rest_route=\/wp\/v2\/pages\/1258\/revisions\/1565"}],"wp:attachment":[{"href":"https:\/\/veles.si\/index.php?rest_route=%2Fwp%2Fv2%2Fmedia&parent=1258"}],"curies":[{"name":"wp","href":"https:\/\/api.w.org\/{rel}","templated":true}]}}