{"id":1416,"date":"2019-12-05T22:51:58","date_gmt":"2019-12-05T20:51:58","guid":{"rendered":"http:\/\/veles.si\/?page_id=1416"},"modified":"2022-03-10T13:00:19","modified_gmt":"2022-03-10T11:00:19","slug":"center-za-povezovanje-s-predniki","status":"publish","type":"page","link":"https:\/\/veles.si\/?page_id=1416","title":{"rendered":"center za povezovanje s predniki"},"content":{"rendered":"<p><strong>A)<\/strong><br \/>\nNa\u0161i izdelki se navezujejo na slovensko mitolo\u0161ko izro\u010dilo in stare \u0161ege tre na vseslovanska izro\u010dila.<br \/>\nizdelke prodajamo v na\u0161i spletni trgovinici SVARUNICA, ki je obenem tudi dvojezi\u010dni izobra\u017eevalni portal: <a href=\"https:\/\/svarunica.com\/sl\/\" target=\"_blank\">SVARUNICA<br \/>\n<\/a>Ponujamo vam knjige, letne stenske koledarje s pou\u010dno tekstovno vsebino in \u010dudovitimi grafikami ter opomniki za praznike, majice z rodnoverskeimi motivi, ki jih lahko tudi priredimo po \u017eeljah, obeske s starodavnimi simboli in \u0161e in \u0161e.<\/p>\n<p><strong>B)<\/strong><br \/>\nSnujemo, organiziramo in izvajamo ustvarjalne delavnice, delavnice za spoznavanje izro\u010dil prednikov in drugih poljudnih dogodkov. Spremljajte na\u0161e novice ali se naro\u010dite na njih.<br \/>\nSodelovali smo z mnogimi in\u0161titucijami, med njimi tudi Center Cene \u0160tupar, kjer smo imeli certificirane programe, organizirali smo ve\u010d Staroslovanskim semnjev, sodelovali z mnogimi knji\u017enicami, kjer sta nam v sr\u010dnem spominu ostali loga\u0161ka in kozinska. Tesno sodelujemo tudi s centrom \u017dAREK-Brezje pri Grosupljem.<\/p>\n<p><strong>C)<\/strong><br \/>\n\u017de od leta 2011 javno organiziramo tradicionalna praznovanja na letne mejnike, kjer se opiramo na predana, zapisana izro\u010dila, da v obredja vklju\u010dujemo avtohtone elemente in tradicionalne pesmi, vse skupaj povezano z osebno izku\u0161njo\/\u010dutenjem ter v kombinaciji poznavanja sveta energij.<\/p>\n<p><strong>\u010c)<\/strong><br \/>\nS preprostimi, poljudnimi \u010dlanki in zapisi na temo mitolo\u0161kega izro\u010dila, svetih mest pri nas, obredov, kako \u017eiveti v duhu prednikov na\u0161 vsakdan, itd., sku\u0161amo med ljudi\u00a0ponesti ljubezen do svoje kulture ter strast do odkrivanja korenin na novo.<br \/>\nNudimo tudi zanimive video prispevke na na\u0161em youtube kanalu.<\/p>\n<p>Skok v trgovino <a title=\"na\u0161i izdelki\" href=\"http:\/\/veles.si\/?page_id=32\">TUKAJ<\/a>.<\/p>\n<p>&nbsp;<\/p>\n<p><a href=\"http:\/\/veles.si\/wp-content\/uploads\/velesgrafika1.jpg\"><img decoding=\"async\" loading=\"lazy\" class=\"alignnone size-large wp-image-177\" alt=\"velesgrafika1\" src=\"http:\/\/veles.si\/wp-content\/uploads\/velesgrafika1-1024x674.jpg\" width=\"600\" height=\"394\" srcset=\"https:\/\/veles.si\/wp-content\/uploads\/velesgrafika1-1024x674.jpg 1024w, https:\/\/veles.si\/wp-content\/uploads\/velesgrafika1-300x197.jpg 300w, https:\/\/veles.si\/wp-content\/uploads\/velesgrafika1-600x395.jpg 600w\" sizes=\"(max-width: 600px) 100vw, 600px\" \/><\/a><\/p>\n<p><a href=\"http:\/\/veles.si\/wp-content\/uploads\/staroslovanski-semenj-1024x6941.jpg\"><img decoding=\"async\" loading=\"lazy\" class=\"alignnone size-full wp-image-1432\" alt=\"staroslovanski-semenj-1024x694\" src=\"http:\/\/veles.si\/wp-content\/uploads\/staroslovanski-semenj-1024x6941.jpg\" width=\"1024\" height=\"694\" srcset=\"https:\/\/veles.si\/wp-content\/uploads\/staroslovanski-semenj-1024x6941.jpg 1024w, https:\/\/veles.si\/wp-content\/uploads\/staroslovanski-semenj-1024x6941-300x203.jpg 300w, https:\/\/veles.si\/wp-content\/uploads\/staroslovanski-semenj-1024x6941-600x406.jpg 600w\" sizes=\"(max-width: 1024px) 100vw, 1024px\" \/><\/a><\/p>\n<p><a href=\"http:\/\/veles.si\/wp-content\/uploads\/19390758_735452656639119_5315373592118988913_o1.jpg\"><img decoding=\"async\" loading=\"lazy\" class=\"alignnone size-large wp-image-1281\" alt=\"19390758_735452656639119_5315373592118988913_o\" src=\"http:\/\/veles.si\/wp-content\/uploads\/19390758_735452656639119_5315373592118988913_o1-1024x576.jpg\" width=\"600\" height=\"337\" srcset=\"https:\/\/veles.si\/wp-content\/uploads\/19390758_735452656639119_5315373592118988913_o1-1024x576.jpg 1024w, https:\/\/veles.si\/wp-content\/uploads\/19390758_735452656639119_5315373592118988913_o1-300x168.jpg 300w, https:\/\/veles.si\/wp-content\/uploads\/19390758_735452656639119_5315373592118988913_o1-600x337.jpg 600w, https:\/\/veles.si\/wp-content\/uploads\/19390758_735452656639119_5315373592118988913_o1.jpg 1328w\" sizes=\"(max-width: 600px) 100vw, 600px\" \/><\/a><\/p>\n<p><a href=\"http:\/\/veles.si\/wp-content\/uploads\/18055820_704447056406346_6768378791537472839_o1.jpg\"><img decoding=\"async\" loading=\"lazy\" class=\"alignnone size-large wp-image-1066\" alt=\"18055820_704447056406346_6768378791537472839_o\" src=\"http:\/\/veles.si\/wp-content\/uploads\/18055820_704447056406346_6768378791537472839_o1-1024x678.jpg\" width=\"600\" height=\"397\" srcset=\"https:\/\/veles.si\/wp-content\/uploads\/18055820_704447056406346_6768378791537472839_o1-1024x678.jpg 1024w, https:\/\/veles.si\/wp-content\/uploads\/18055820_704447056406346_6768378791537472839_o1-300x198.jpg 300w, https:\/\/veles.si\/wp-content\/uploads\/18055820_704447056406346_6768378791537472839_o1-600x397.jpg 600w, https:\/\/veles.si\/wp-content\/uploads\/18055820_704447056406346_6768378791537472839_o1.jpg 1232w\" sizes=\"(max-width: 600px) 100vw, 600px\" \/><\/a><\/p>\n","protected":false},"excerpt":{"rendered":"<p>A) Na\u0161i izdelki se navezujejo na slovensko mitolo\u0161ko izro\u010dilo in stare \u0161ege tre na vseslovanska izro\u010dila. izdelke prodajamo v na\u0161i spletni trgovinici SVARUNICA, ki je obenem tudi dvojezi\u010dni izobra\u017eevalni portal: SVARUNICA Ponujamo vam knjige, letne stenske koledarje s pou\u010dno tekstovno vsebino in \u010dudovitimi grafikami ter opomniki za praznike, majice z rodnoverskeimi motivi, ki jih lahko [&hellip;]<\/p>\n","protected":false},"author":1,"featured_media":0,"parent":0,"menu_order":0,"comment_status":"closed","ping_status":"closed","template":"","meta":[],"_links":{"self":[{"href":"https:\/\/veles.si\/index.php?rest_route=\/wp\/v2\/pages\/1416"}],"collection":[{"href":"https:\/\/veles.si\/index.php?rest_route=\/wp\/v2\/pages"}],"about":[{"href":"https:\/\/veles.si\/index.php?rest_route=\/wp\/v2\/types\/page"}],"author":[{"embeddable":true,"href":"https:\/\/veles.si\/index.php?rest_route=\/wp\/v2\/users\/1"}],"replies":[{"embeddable":true,"href":"https:\/\/veles.si\/index.php?rest_route=%2Fwp%2Fv2%2Fcomments&post=1416"}],"version-history":[{"count":15,"href":"https:\/\/veles.si\/index.php?rest_route=\/wp\/v2\/pages\/1416\/revisions"}],"predecessor-version":[{"id":1684,"href":"https:\/\/veles.si\/index.php?rest_route=\/wp\/v2\/pages\/1416\/revisions\/1684"}],"wp:attachment":[{"href":"https:\/\/veles.si\/index.php?rest_route=%2Fwp%2Fv2%2Fmedia&parent=1416"}],"curies":[{"name":"wp","href":"https:\/\/api.w.org\/{rel}","templated":true}]}}