{"id":1921,"date":"2025-10-07T10:43:37","date_gmt":"2025-10-07T08:43:37","guid":{"rendered":"https:\/\/veles.si\/?page_id=1921"},"modified":"2025-10-07T10:43:37","modified_gmt":"2025-10-07T08:43:37","slug":"koledar-2026","status":"publish","type":"page","link":"https:\/\/veles.si\/?page_id=1921","title":{"rendered":"Koledar 2026"},"content":{"rendered":"\n<p><strong>\u00bb\u010cAROVNICE NA SLOVENSKEM\u00ab<\/strong><\/p>\n\n\n\n<p>13 po krivem obto\u017eenih in mu\u010denih t.i. \u00bb\u010darovnic\u00ab na Slovenskem v \u010dasu od 15. do 18. stoletja krasi koledar za leto&nbsp;<strong>2026.<\/strong><br>Opominjajo nas na tema\u010dne dele lastne zgodovine ne zgolj zaradi krutih krvnih sodnikov, marve\u010d predvsem zaradi mo\u010di ljudskih mno\u017eic, kolektivne evforije, ki je po krivem poslala v smrt nedol\u017ene a modre, sposobne ljudi. Uni\u010devala je dru\u017eine in trosila sovra\u0161tvo ter prispevala k nenehnemu vrtenju sodnega kolesja, ki je na vse mo\u017ene na\u010dine teptalo \u010dlove\u0161ko dostojanstvo in zdravo pamet.<\/p>\n\n\n\n<p>Koledar dimenzije A3 je v tisku.&nbsp;<strong>Izid koledarja: 14.10.2025.<\/strong><br>Mo\u017ena so \u017ee prednaro\u010dila, da si zagotovite svoj izvod. Kot neprofitna organizacija s poslanstvom \u0161irjenja starih znanj delujemo buti\u010dno.<\/p>\n\n\n\n<p><strong>Vsaka stran koledarja predstavlja zgodbo nekdanje obto\u017eenke<\/strong>, upodobile pa so jih&nbsp;<strong>izjemne \u017eenske dana\u0161njega \u010dasa,<\/strong>&nbsp;s katerimi bi se pred stoletji gotovo tudi sama zna\u0161la na grmadi.<br>Skupaj s precej umetni\u0161ke svobode zaradi njih o\u017eivijo nekdanje t.i. \u010darovnice, ki so se zaradi svojih sposobnosti, ali ker so bile komu v napoto, zna\u0161le v neizmerno krutih polo\u017eajih.<\/p>\n\n\n\n<p>Upodobitve po mesecih = OBTO\u017dENKA \/ upodabljajo\u010da<br>naslovnica = AGATA S \u0160TRALEKA \/ Agatha Kopa\u010d<br>prosinec = MARINA VUKINEC \/ Ksenija Malia Leban<br>sve\u010dan =\u00a0 LUCIJA ROTER \/ Anteja Gros<br>su\u0161ec = ANICA VUDEL \/ Karin Kokalj<br>mali traven = MARINA \u010cE\u0160AREK \/ Izabela Furlan<br>veliki traven = LUCIJA KERSNI\u010c \/ Marta Svetina<br>ro\u017enik = MARGARETA KLAJDI\u010c \/ Petra Mlakar<br>mali srpan= APOLONIJA HERI\u010c \/ Zarja Menart<br>veliki srpan =\u00a0 MARJETA KRALJI\u010c \/ Sonca Menart<br>kimavec = MARGARETA KUKERCA \/ Helena Cesar<br>vinotok = VERONIKA DESENI\u0160KA \/ Aleksandra \u0160panger<br>listopad = ELENKA \u0160AUPERL \/ Irena Petri\u010d<br>gruden = UR\u0160ULA KOLAR \/ Ur\u0161ka Ore\u0161nik<\/p>\n\n\n\n<p>Klik na sliko za naro\u010dilo:<\/p>\n\n\n\n<figure class=\"wp-block-image size-large is-resized\"><a href=\"https:\/\/svarunica.com\/sl\/izdelek\/koledar-2026-carovnice-na-slovenskem\/\" target=\"_blank\" rel=\"noreferrer noopener\"><img decoding=\"async\" loading=\"lazy\" src=\"http:\/\/veles.si\/wp-content\/uploads\/carovnice-na-slovenskem-koledar-2026-1-1024x576.jpg\" alt=\"\" class=\"wp-image-1922\" width=\"839\" height=\"471\" srcset=\"https:\/\/veles.si\/wp-content\/uploads\/carovnice-na-slovenskem-koledar-2026-1-1024x576.jpg 1024w, https:\/\/veles.si\/wp-content\/uploads\/carovnice-na-slovenskem-koledar-2026-1-300x169.jpg 300w, https:\/\/veles.si\/wp-content\/uploads\/carovnice-na-slovenskem-koledar-2026-1-768x432.jpg 768w, https:\/\/veles.si\/wp-content\/uploads\/carovnice-na-slovenskem-koledar-2026-1-1536x864.jpg 1536w, https:\/\/veles.si\/wp-content\/uploads\/carovnice-na-slovenskem-koledar-2026-1-600x338.jpg 600w, https:\/\/veles.si\/wp-content\/uploads\/carovnice-na-slovenskem-koledar-2026-1.jpg 1772w\" sizes=\"(max-width: 839px) 100vw, 839px\" \/><\/a><\/figure>\n\n\n\n<p>Klik na sliko popelje do video prezentacije koledarja:<\/p>\n\n\n\n<figure class=\"wp-block-image size-large\"><a href=\"https:\/\/www.youtube.com\/watch?v=tCZtLRehsbE\" target=\"_blank\" rel=\"noreferrer noopener\"><img decoding=\"async\" loading=\"lazy\" width=\"1024\" height=\"576\" src=\"http:\/\/veles.si\/wp-content\/uploads\/carovnice-na-slovenskem-koledar-2026-2-1024x576.jpg\" alt=\"\" class=\"wp-image-1923\" srcset=\"https:\/\/veles.si\/wp-content\/uploads\/carovnice-na-slovenskem-koledar-2026-2-1024x576.jpg 1024w, https:\/\/veles.si\/wp-content\/uploads\/carovnice-na-slovenskem-koledar-2026-2-300x169.jpg 300w, https:\/\/veles.si\/wp-content\/uploads\/carovnice-na-slovenskem-koledar-2026-2-768x432.jpg 768w, https:\/\/veles.si\/wp-content\/uploads\/carovnice-na-slovenskem-koledar-2026-2-1536x864.jpg 1536w, https:\/\/veles.si\/wp-content\/uploads\/carovnice-na-slovenskem-koledar-2026-2-600x338.jpg 600w, https:\/\/veles.si\/wp-content\/uploads\/carovnice-na-slovenskem-koledar-2026-2.jpg 1772w\" sizes=\"(max-width: 1024px) 100vw, 1024px\" \/><\/a><\/figure>\n","protected":false},"excerpt":{"rendered":"<p>\u00bb\u010cAROVNICE NA SLOVENSKEM\u00ab 13 po krivem obto\u017eenih in mu\u010denih t.i. \u00bb\u010darovnic\u00ab na Slovenskem v \u010dasu od 15. do 18. stoletja krasi koledar za leto&nbsp;2026.Opominjajo nas na tema\u010dne dele lastne zgodovine ne zgolj zaradi krutih krvnih sodnikov, marve\u010d predvsem zaradi mo\u010di ljudskih mno\u017eic, kolektivne evforije, ki je po krivem poslala v smrt nedol\u017ene a modre, sposobne [&hellip;]<\/p>\n","protected":false},"author":1,"featured_media":0,"parent":0,"menu_order":0,"comment_status":"closed","ping_status":"closed","template":"","meta":[],"_links":{"self":[{"href":"https:\/\/veles.si\/index.php?rest_route=\/wp\/v2\/pages\/1921"}],"collection":[{"href":"https:\/\/veles.si\/index.php?rest_route=\/wp\/v2\/pages"}],"about":[{"href":"https:\/\/veles.si\/index.php?rest_route=\/wp\/v2\/types\/page"}],"author":[{"embeddable":true,"href":"https:\/\/veles.si\/index.php?rest_route=\/wp\/v2\/users\/1"}],"replies":[{"embeddable":true,"href":"https:\/\/veles.si\/index.php?rest_route=%2Fwp%2Fv2%2Fcomments&post=1921"}],"version-history":[{"count":1,"href":"https:\/\/veles.si\/index.php?rest_route=\/wp\/v2\/pages\/1921\/revisions"}],"predecessor-version":[{"id":1924,"href":"https:\/\/veles.si\/index.php?rest_route=\/wp\/v2\/pages\/1921\/revisions\/1924"}],"wp:attachment":[{"href":"https:\/\/veles.si\/index.php?rest_route=%2Fwp%2Fv2%2Fmedia&parent=1921"}],"curies":[{"name":"wp","href":"https:\/\/api.w.org\/{rel}","templated":true}]}}