{"id":32,"date":"2015-04-02T13:58:30","date_gmt":"2015-04-02T13:58:30","guid":{"rendered":"http:\/\/veles.si\/?page_id=32"},"modified":"2022-03-10T13:08:51","modified_gmt":"2022-03-10T11:08:51","slug":"trgovina","status":"publish","type":"page","link":"https:\/\/veles.si\/?page_id=32","title":{"rendered":"trgovinica svarunica"},"content":{"rendered":"<p>Majice, igre, koledarji, knjige, obeski z mitolo\u0161ko motiviko in starimi simboli, ki o\u017eivljajo slovensko in vseslovansko dedi\u0161\u010dino na\u0161ih prednikov, branje iz kart, \u2026<\/p>\n<p>Vse to ponuja spletna, buti\u010dna trgovinica SVARUNICA v upravljanju Kluba VELES.<br \/>\nStran trgovinice je v slovenskem in angle\u0161kem jeziku.<\/p>\n<p>\u010ce bi \u017eeleli dodati svoje izdelke v na\u0161o trgovino na komisijsko prodajo, nas kontaktirajte:<br \/>\nirena.svarunica@gmail.com<\/p>\n<p>Klikni na sliko za vstop v trgovino www.svarunica.com:<\/p>\n<p><a href=\"http:\/\/svarunica.com\/sl\" target=\"_blank\">\u00a0<img decoding=\"async\" loading=\"lazy\" class=\"alignnone size-full wp-image-1597\" alt=\"shop-svarunica-items\" src=\"http:\/\/veles.si\/wp-content\/uploads\/shop-svarunica-items.jpg\" width=\"1417\" height=\"992\" srcset=\"https:\/\/veles.si\/wp-content\/uploads\/shop-svarunica-items.jpg 1417w, https:\/\/veles.si\/wp-content\/uploads\/shop-svarunica-items-300x210.jpg 300w, https:\/\/veles.si\/wp-content\/uploads\/shop-svarunica-items-1024x716.jpg 1024w, https:\/\/veles.si\/wp-content\/uploads\/shop-svarunica-items-600x420.jpg 600w\" sizes=\"(max-width: 1417px) 100vw, 1417px\" \/><\/a><\/p>\n<p><a href=\"http:\/\/svarunica.com\" target=\"_blank\">\u00a0<\/a><\/p>\n","protected":false},"excerpt":{"rendered":"<p>Majice, igre, koledarji, knjige, obeski z mitolo\u0161ko motiviko in starimi simboli, ki o\u017eivljajo slovensko in vseslovansko dedi\u0161\u010dino na\u0161ih prednikov, branje iz kart, \u2026 Vse to ponuja spletna, buti\u010dna trgovinica SVARUNICA v upravljanju Kluba VELES. Stran trgovinice je v slovenskem in angle\u0161kem jeziku. \u010ce bi \u017eeleli dodati svoje izdelke v na\u0161o trgovino na komisijsko prodajo, nas [&hellip;]<\/p>\n","protected":false},"author":1,"featured_media":0,"parent":0,"menu_order":0,"comment_status":"closed","ping_status":"closed","template":"","meta":[],"_links":{"self":[{"href":"https:\/\/veles.si\/index.php?rest_route=\/wp\/v2\/pages\/32"}],"collection":[{"href":"https:\/\/veles.si\/index.php?rest_route=\/wp\/v2\/pages"}],"about":[{"href":"https:\/\/veles.si\/index.php?rest_route=\/wp\/v2\/types\/page"}],"author":[{"embeddable":true,"href":"https:\/\/veles.si\/index.php?rest_route=\/wp\/v2\/users\/1"}],"replies":[{"embeddable":true,"href":"https:\/\/veles.si\/index.php?rest_route=%2Fwp%2Fv2%2Fcomments&post=32"}],"version-history":[{"count":17,"href":"https:\/\/veles.si\/index.php?rest_route=\/wp\/v2\/pages\/32\/revisions"}],"predecessor-version":[{"id":1693,"href":"https:\/\/veles.si\/index.php?rest_route=\/wp\/v2\/pages\/32\/revisions\/1693"}],"wp:attachment":[{"href":"https:\/\/veles.si\/index.php?rest_route=%2Fwp%2Fv2%2Fmedia&parent=32"}],"curies":[{"name":"wp","href":"https:\/\/api.w.org\/{rel}","templated":true}]}}